{"id":7326,"date":"2023-02-01T15:44:51","date_gmt":"2023-02-01T14:44:51","guid":{"rendered":"https:\/\/grunder-gourmet.de\/?page_id=7326"},"modified":"2025-09-15T19:37:53","modified_gmt":"2025-09-15T17:37:53","slug":"jobs","status":"publish","type":"page","link":"https:\/\/grunder-gourmet.de\/fr_fr\/jobs\/","title":{"rendered":"Emplois"},"content":{"rendered":"<div data-elementor-type=\"wp-page\" data-elementor-id=\"7326\" class=\"elementor elementor-7326\" data-elementor-post-type=\"page\">\n\t\t\t\t\t\t<section data-particle_enable=\"false\" data-particle-mobile-disabled=\"false\" class=\"elementor-section elementor-top-section elementor-element elementor-element-b71e613 elementor-section-height-min-height elementor-section-boxed elementor-section-height-default elementor-section-items-middle\" data-id=\"b71e613\" data-element_type=\"section\" data-e-type=\"section\" data-settings=\"{&quot;background_background&quot;:&quot;classic&quot;}\">\n\t\t\t\t\t\t\t<div class=\"elementor-background-overlay\"><\/div>\n\t\t\t\t\t\t\t<div class=\"elementor-container elementor-column-gap-default\">\n\t\t\t\t\t<div class=\"elementor-column elementor-col-100 elementor-top-column elementor-element elementor-element-651a6d6\" data-id=\"651a6d6\" data-element_type=\"column\" data-e-type=\"column\">\n\t\t\t<div class=\"elementor-widget-wrap elementor-element-populated\">\n\t\t\t\t\t\t<div class=\"elementor-element elementor-element-adb610b elementor-widget elementor-widget-heading\" data-id=\"adb610b\" data-element_type=\"widget\" data-e-type=\"widget\" data-widget_type=\"heading.default\">\n\t\t\t\t<div class=\"elementor-widget-container\">\n\t\t\t\t\t<h2 class=\"elementor-heading-title elementor-size-default\">JOB CALL<\/h2>\t\t\t\t<\/div>\n\t\t\t\t<\/div>\n\t\t\t\t<div class=\"elementor-element elementor-element-00266c6 elementor-widget elementor-widget-heading\" data-id=\"00266c6\" data-element_type=\"widget\" data-e-type=\"widget\" data-widget_type=\"heading.default\">\n\t\t\t\t<div class=\"elementor-widget-container\">\n\t\t\t\t\t<h2 class=\"elementor-heading-title elementor-size-default\">OHNE H\u00dcRDE UND AUFWAND<\/h2>\t\t\t\t<\/div>\n\t\t\t\t<\/div>\n\t\t\t\t<div class=\"elementor-element elementor-element-3e428d7 elementor-widget elementor-widget-text-editor\" data-id=\"3e428d7\" data-element_type=\"widget\" data-e-type=\"widget\" data-widget_type=\"text-editor.default\">\n\t\t\t\t<div class=\"elementor-widget-container\">\n\t\t\t\t\t\t\t\t\t<p>Buche dir jetzt deinen Slot f\u00fcr ein Telefonat mit uns. Egal ob du aktuell in einem festen Arbeitsverh\u00e4ltnis, auf der Suche nach einem Ausbildungsplatz oder generell auf der Jobsuche bist, buche dir jetzt deinen Job Call bei Grunder und finde ohne H\u00fcrde und Aufwand bei einem unkomplizierten Telefongespr\u00e4ch heraus, ob wir zusammen passen und du auch pers\u00f6nlich bei uns die Grunder-Welt kennenlernen m\u00f6chtest.<\/p>\t\t\t\t\t\t\t\t<\/div>\n\t\t\t\t<\/div>\n\t\t\t\t<section data-particle_enable=\"false\" data-particle-mobile-disabled=\"false\" class=\"elementor-section elementor-inner-section elementor-element elementor-element-819d566 elementor-section-boxed elementor-section-height-default elementor-section-height-default\" data-id=\"819d566\" data-element_type=\"section\" data-e-type=\"section\">\n\t\t\t\t\t\t<div class=\"elementor-container elementor-column-gap-default\">\n\t\t\t\t\t<div class=\"elementor-column elementor-col-50 elementor-inner-column elementor-element elementor-element-80ec693\" data-id=\"80ec693\" data-element_type=\"column\" data-e-type=\"column\">\n\t\t\t<div class=\"elementor-widget-wrap elementor-element-populated\">\n\t\t\t\t\t\t<div class=\"elementor-element elementor-element-4ba5352 elementor-widget elementor-widget-video\" data-id=\"4ba5352\" data-element_type=\"widget\" data-e-type=\"widget\" data-settings=\"{&quot;video_type&quot;:&quot;hosted&quot;,&quot;autoplay&quot;:&quot;yes&quot;,&quot;controls&quot;:&quot;yes&quot;}\" data-widget_type=\"video.default\">\n\t\t\t\t<div class=\"elementor-widget-container\">\n\t\t\t\t\t\t\t<div class=\"e-hosted-video elementor-wrapper elementor-open-inline\">\n\t\t\t\t\t<video class=\"elementor-video lazyload\" data-src=\"https:\/\/grunder-gourmet.de\/wp-content\/uploads\/2023\/03\/Jobcall_Grunder_V2.mp4\" autoplay=\"\" controls=\"\" controlslist=\"nodownload\"><\/video>\n\t\t\t\t<\/div>\n\t\t\t\t\t\t<\/div>\n\t\t\t\t<\/div>\n\t\t\t\t<div class=\"elementor-element elementor-element-f9932f2 elementor-widget elementor-widget-heading\" data-id=\"f9932f2\" data-element_type=\"widget\" data-e-type=\"widget\" data-widget_type=\"heading.default\">\n\t\t\t\t<div class=\"elementor-widget-container\">\n\t\t\t\t\t<h4 class=\"elementor-heading-title elementor-size-default\">Aktuell verf\u00fcgbare Stellen<\/h4>\t\t\t\t<\/div>\n\t\t\t\t<\/div>\n\t\t\t\t<div class=\"elementor-element elementor-element-f3e11a7 elementor-icon-list--layout-traditional elementor-list-item-link-full_width elementor-widget elementor-widget-icon-list\" data-id=\"f3e11a7\" data-element_type=\"widget\" data-e-type=\"widget\" data-widget_type=\"icon-list.default\">\n\t\t\t\t<div class=\"elementor-widget-container\">\n\t\t\t\t\t\t\t<ul class=\"elementor-icon-list-items\">\n\t\t\t\t\t\t\t<li class=\"elementor-icon-list-item\">\n\t\t\t\t\t\t\t\t\t\t\t<span class=\"elementor-icon-list-icon\">\n\t\t\t\t\t\t\t<i aria-hidden=\"true\" class=\"far fa-arrow-alt-circle-right\"><\/i>\t\t\t\t\t\t<\/span>\n\t\t\t\t\t\t\t\t\t\t<span class=\"elementor-icon-list-text\">Koch (m\/w\/d) Catering<\/span>\n\t\t\t\t\t\t\t\t\t<\/li>\n\t\t\t\t\t\t\t\t<li class=\"elementor-icon-list-item\">\n\t\t\t\t\t\t\t\t\t\t\t<span class=\"elementor-icon-list-icon\">\n\t\t\t\t\t\t\t<i aria-hidden=\"true\" class=\"far fa-arrow-alt-circle-right\"><\/i>\t\t\t\t\t\t<\/span>\n\t\t\t\t\t\t\t\t\t\t<span class=\"elementor-icon-list-text\">Veranstaltungsbetreuung (m\/w\/d)<\/span>\n\t\t\t\t\t\t\t\t\t<\/li>\n\t\t\t\t\t\t\t\t<li class=\"elementor-icon-list-item\">\n\t\t\t\t\t\t\t\t\t\t\t<span class=\"elementor-icon-list-icon\">\n\t\t\t\t\t\t\t<i aria-hidden=\"true\" class=\"far fa-arrow-alt-circle-right\"><\/i>\t\t\t\t\t\t<\/span>\n\t\t\t\t\t\t\t\t\t\t<span class=\"elementor-icon-list-text\">K\u00fcchenhilfe (m\/w\/d)<\/span>\n\t\t\t\t\t\t\t\t\t<\/li>\n\t\t\t\t\t\t\t\t<li class=\"elementor-icon-list-item\">\n\t\t\t\t\t\t\t\t\t\t\t<span class=\"elementor-icon-list-icon\">\n\t\t\t\t\t\t\t<i aria-hidden=\"true\" class=\"far fa-arrow-alt-circle-right\"><\/i>\t\t\t\t\t\t<\/span>\n\t\t\t\t\t\t\t\t\t\t<span class=\"elementor-icon-list-text\">Sp\u00fclkraft (m\/w\/d)<\/span>\n\t\t\t\t\t\t\t\t\t<\/li>\n\t\t\t\t\t\t\t\t<li class=\"elementor-icon-list-item\">\n\t\t\t\t\t\t\t\t\t\t\t<span class=\"elementor-icon-list-icon\">\n\t\t\t\t\t\t\t<i aria-hidden=\"true\" class=\"far fa-arrow-alt-circle-right\"><\/i>\t\t\t\t\t\t<\/span>\n\t\t\t\t\t\t\t\t\t\t<span class=\"elementor-icon-list-text\">Auslieferungsfahrer (m\/w\/d)<\/span>\n\t\t\t\t\t\t\t\t\t<\/li>\n\t\t\t\t\t\t\t\t<li class=\"elementor-icon-list-item\">\n\t\t\t\t\t\t\t\t\t\t\t<span class=\"elementor-icon-list-icon\">\n\t\t\t\t\t\t\t<i aria-hidden=\"true\" class=\"far fa-arrow-alt-circle-right\"><\/i>\t\t\t\t\t\t<\/span>\n\t\t\t\t\t\t\t\t\t\t<span class=\"elementor-icon-list-text\">Logistiker (m\/w\/d)<\/span>\n\t\t\t\t\t\t\t\t\t<\/li>\n\t\t\t\t\t\t<\/ul>\n\t\t\t\t\t\t<\/div>\n\t\t\t\t<\/div>\n\t\t\t\t<div class=\"elementor-element elementor-element-574b907 elementor-widget elementor-widget-heading\" data-id=\"574b907\" data-element_type=\"widget\" data-e-type=\"widget\" data-widget_type=\"heading.default\">\n\t\t\t\t<div class=\"elementor-widget-container\">\n\t\t\t\t\t<h3 class=\"elementor-heading-title elementor-size-default\">&gt;&gt;&gt; JETZT JOB CALL VEREINBAREN &gt;&gt;&gt;<\/h3>\t\t\t\t<\/div>\n\t\t\t\t<\/div>\n\t\t\t\t\t<\/div>\n\t\t<\/div>\n\t\t\t\t<div class=\"elementor-column elementor-col-50 elementor-inner-column elementor-element elementor-element-e24b80a\" data-id=\"e24b80a\" data-element_type=\"column\" data-e-type=\"column\">\n\t\t\t<div class=\"elementor-widget-wrap elementor-element-populated\">\n\t\t\t\t\t\t<div class=\"elementor-element elementor-element-259e621 elementor-widget elementor-widget-shortcode\" data-id=\"259e621\" data-element_type=\"widget\" data-e-type=\"widget\" data-widget_type=\"shortcode.default\">\n\t\t\t\t<div class=\"elementor-widget-container\">\n\t\t\t\t\t\t\t<div class=\"elementor-shortcode\"><!-- Calendly Inline-Widget Beginn -->\n<div class=\"calendly-inline-widget\" data-url=\"https:\/\/calendly.com\/jobs-grunder-gourmet\/15min\" style=\"min-width:320px;height:712px;\"><\/div>\n<script type=\"text\/javascript\" src=\"https:\/\/assets.calendly.com\/assets\/external\/widget.js\" async><\/script>\n<!-- Calendly Inline-Widget Ende --><\/div>\n\t\t\t\t\t\t<\/div>\n\t\t\t\t<\/div>\n\t\t\t\t\t<\/div>\n\t\t<\/div>\n\t\t\t\t\t<\/div>\n\t\t<\/section>\n\t\t\t\t\t<\/div>\n\t\t<\/div>\n\t\t\t\t\t<\/div>\n\t\t<\/section>\n\t\t\t\t<section data-particle_enable=\"false\" data-particle-mobile-disabled=\"false\" class=\"elementor-section elementor-top-section elementor-element elementor-element-1a162c7 elementor-section-boxed elementor-section-height-default elementor-section-height-default\" data-id=\"1a162c7\" data-element_type=\"section\" data-e-type=\"section\">\n\t\t\t\t\t\t<div class=\"elementor-container elementor-column-gap-default\">\n\t\t\t\t\t<div class=\"elementor-column elementor-col-100 elementor-top-column elementor-element elementor-element-4382b8b\" data-id=\"4382b8b\" data-element_type=\"column\" data-e-type=\"column\">\n\t\t\t<div class=\"elementor-widget-wrap elementor-element-populated\">\n\t\t\t\t\t\t<div class=\"elementor-element elementor-element-e37a362 elementor-widget elementor-widget-heading\" data-id=\"e37a362\" data-element_type=\"widget\" data-e-type=\"widget\" data-widget_type=\"heading.default\">\n\t\t\t\t<div class=\"elementor-widget-container\">\n\t\t\t\t\t<h2 class=\"elementor-heading-title elementor-size-default\">Emplois<\/h2>\t\t\t\t<\/div>\n\t\t\t\t<\/div>\n\t\t\t\t<div class=\"elementor-element elementor-element-29fbb58 elementor-widget elementor-widget-text-editor\" data-id=\"29fbb58\" data-element_type=\"widget\" data-e-type=\"widget\" data-widget_type=\"text-editor.default\">\n\t\t\t\t<div class=\"elementor-widget-container\">\n\t\t\t\t\t\t\t\t\t<p>Jobs bei Grunder Gourmet! Wir sind ein erfolgreiches Catering-Unternehmen und bieten hochwertige Catering-L\u00f6sungen f\u00fcr Veranstaltungen jeder Gr\u00f6\u00dfe. Unser Erfolg basiert auf unserem Engagement f\u00fcr Qualit\u00e4t, Kreativit\u00e4t und Professionalit\u00e4t. Wir suchen immer talentierte und motivierte Menschen, die unser Team bereichern und uns dabei helfen, unsere hohen Standards aufrechtzuerhalten.<\/p><p>Wir bieten ein angenehmes Arbeitsumfeld, in dem Sie Ihre F\u00e4higkeiten und Kreativit\u00e4t voll ausleben k\u00f6nnen. Unser Team besteht aus erfahrenen Fachleuten, die Ihnen bei Ihrer Arbeit unterst\u00fctzend zur Seite stehen. Wir bieten auch eine angemessene Verg\u00fctung und Sozialleistungen, um sicherzustellen, dass Sie sich bei uns wohl f\u00fchlen.<\/p><p>Schauen Sie sich unsere aktuellen Jobangebote an und finden Sie heraus, wie Sie Teil unseres erfolgreichen Catering-Teams werden k\u00f6nnen. Wir freuen uns auf Ihre Bewerbung!<\/p>\t\t\t\t\t\t\t\t<\/div>\n\t\t\t\t<\/div>\n\t\t\t\t<div class=\"elementor-element elementor-element-720a4b2 elementor-widget elementor-widget-text-editor\" data-id=\"720a4b2\" data-element_type=\"widget\" data-e-type=\"widget\" data-widget_type=\"text-editor.default\">\n\t\t\t\t<div class=\"elementor-widget-container\">\n\t\t\t\t\t\t\t\t\t<p>Bewerbungen bitte bevorzugt per <a href=\"mailto:s.behrens@grundergourmet.de\">Courrier \u00e9lectronique<\/a> oder Post an Frau Silke Behrens, Personalleitung, Konrad-Zuse-Str. 8, 66459 Kirkel-Limbach<\/p><p>Bei der schriftlichen Bewerbung per Post weisen wir vorsorglich darauf hin, dass keine Bewerbungsunterlagen zur\u00fcckgesendet werden k\u00f6nnen, weshalb wir ausschlie\u00dflich um Kopien bitten, keine Originale.<\/p><p>Weitere Informationen zu unseren offenen Stellen erhalten Sie auch telefonisch oder via <a href=\"mailto:info@grundergourmet.de\">Courrier \u00e9lectronique<\/a>.<\/p>\t\t\t\t\t\t\t\t<\/div>\n\t\t\t\t<\/div>\n\t\t\t\t\t<\/div>\n\t\t<\/div>\n\t\t\t\t\t<\/div>\n\t\t<\/section>\n\t\t\t\t<\/div>","protected":false},"excerpt":{"rendered":"<p>JOB CALL OHNE H\u00dcRDE UND AUFWAND Buche dir jetzt deinen Slot f\u00fcr ein Telefonat mit uns. Egal ob du aktuell in einem festen Arbeitsverh\u00e4ltnis, auf der Suche nach einem Ausbildungsplatz oder generell auf der Jobsuche bist, buche dir jetzt deinen Job Call bei Grunder und finde ohne H\u00fcrde und Aufwand bei einem unkomplizierten Telefongespr\u00e4ch heraus, [&hellip;]<\/p>\n","protected":false},"author":255,"featured_media":0,"parent":0,"menu_order":0,"comment_status":"closed","ping_status":"closed","template":"","meta":{"site-sidebar-layout":"no-sidebar","site-content-layout":"page-builder","ast-site-content-layout":"default","site-content-style":"default","site-sidebar-style":"default","ast-global-header-display":"","ast-banner-title-visibility":"","ast-main-header-display":"","ast-hfb-above-header-display":"","ast-hfb-below-header-display":"","ast-hfb-mobile-header-display":"","site-post-title":"disabled","ast-breadcrumbs-content":"","ast-featured-img":"disabled","footer-sml-layout":"","ast-disable-related-posts":"","theme-transparent-header-meta":"","adv-header-id-meta":"","stick-header-meta":"","header-above-stick-meta":"","header-main-stick-meta":"","header-below-stick-meta":"","astra-migrate-meta-layouts":"default","ast-page-background-enabled":"default","ast-page-background-meta":{"desktop":{"background-color":"","background-image":"","background-repeat":"repeat","background-position":"center center","background-size":"auto","background-attachment":"scroll","background-type":"","background-media":"","overlay-type":"","overlay-color":"","overlay-opacity":"","overlay-gradient":""},"tablet":{"background-color":"","background-image":"","background-repeat":"repeat","background-position":"center center","background-size":"auto","background-attachment":"scroll","background-type":"","background-media":"","overlay-type":"","overlay-color":"","overlay-opacity":"","overlay-gradient":""},"mobile":{"background-color":"","background-image":"","background-repeat":"repeat","background-position":"center center","background-size":"auto","background-attachment":"scroll","background-type":"","background-media":"","overlay-type":"","overlay-color":"","overlay-opacity":"","overlay-gradient":""}},"ast-content-background-meta":{"desktop":{"background-color":"var(--ast-global-color-5)","background-image":"","background-repeat":"repeat","background-position":"center center","background-size":"auto","background-attachment":"scroll","background-type":"","background-media":"","overlay-type":"","overlay-color":"","overlay-opacity":"","overlay-gradient":""},"tablet":{"background-color":"var(--ast-global-color-5)","background-image":"","background-repeat":"repeat","background-position":"center center","background-size":"auto","background-attachment":"scroll","background-type":"","background-media":"","overlay-type":"","overlay-color":"","overlay-opacity":"","overlay-gradient":""},"mobile":{"background-color":"var(--ast-global-color-5)","background-image":"","background-repeat":"repeat","background-position":"center center","background-size":"auto","background-attachment":"scroll","background-type":"","background-media":"","overlay-type":"","overlay-color":"","overlay-opacity":"","overlay-gradient":""}},"footnotes":""},"class_list":["post-7326","page","type-page","status-publish","hentry"],"_links":{"self":[{"href":"https:\/\/grunder-gourmet.de\/fr_fr\/wp-json\/wp\/v2\/pages\/7326","targetHints":{"allow":["GET"]}}],"collection":[{"href":"https:\/\/grunder-gourmet.de\/fr_fr\/wp-json\/wp\/v2\/pages"}],"about":[{"href":"https:\/\/grunder-gourmet.de\/fr_fr\/wp-json\/wp\/v2\/types\/page"}],"author":[{"embeddable":true,"href":"https:\/\/grunder-gourmet.de\/fr_fr\/wp-json\/wp\/v2\/users\/255"}],"replies":[{"embeddable":true,"href":"https:\/\/grunder-gourmet.de\/fr_fr\/wp-json\/wp\/v2\/comments?post=7326"}],"version-history":[{"count":10,"href":"https:\/\/grunder-gourmet.de\/fr_fr\/wp-json\/wp\/v2\/pages\/7326\/revisions"}],"predecessor-version":[{"id":9309,"href":"https:\/\/grunder-gourmet.de\/fr_fr\/wp-json\/wp\/v2\/pages\/7326\/revisions\/9309"}],"wp:attachment":[{"href":"https:\/\/grunder-gourmet.de\/fr_fr\/wp-json\/wp\/v2\/media?parent=7326"}],"curies":[{"name":"wp","href":"https:\/\/api.w.org\/{rel}","templated":true}]}}