{"id":2786,"date":"2021-02-05T10:34:21","date_gmt":"2021-02-05T09:34:21","guid":{"rendered":"http:\/\/grunder.votingtool-online.de\/?page_id=2786"},"modified":"2024-03-05T11:36:52","modified_gmt":"2024-03-05T10:36:52","slug":"kontakt-2","status":"publish","type":"page","link":"https:\/\/grunder-gourmet.de\/fr_fr\/kontakt-2\/","title":{"rendered":"R\u00e9actions"},"content":{"rendered":"\t\t<div data-elementor-type=\"wp-post\" data-elementor-id=\"2786\" class=\"elementor elementor-2786\" data-elementor-post-type=\"page\">\n\t\t\t\t\t\t<section data-particle_enable=\"false\" data-particle-mobile-disabled=\"false\" class=\"elementor-section elementor-top-section elementor-element elementor-element-26aef6e elementor-section-content-middle elementor-section-height-min-height elementor-section-boxed elementor-section-height-default elementor-section-items-middle\" data-id=\"26aef6e\" data-element_type=\"section\" data-e-type=\"section\" data-settings=\"{&quot;background_background&quot;:&quot;classic&quot;}\">\n\t\t\t\t\t\t\t<div class=\"elementor-background-overlay\"><\/div>\n\t\t\t\t\t\t\t<div class=\"elementor-container elementor-column-gap-no\">\n\t\t\t\t\t<div class=\"elementor-column elementor-col-100 elementor-top-column elementor-element elementor-element-539c804\" data-id=\"539c804\" data-element_type=\"column\" data-e-type=\"column\">\n\t\t\t<div class=\"elementor-widget-wrap elementor-element-populated\">\n\t\t\t\t\t\t<div class=\"elementor-element elementor-element-3b0d2b8 elementor-widget elementor-widget-heading\" data-id=\"3b0d2b8\" data-element_type=\"widget\" data-e-type=\"widget\" data-widget_type=\"heading.default\">\n\t\t\t\t<div class=\"elementor-widget-container\">\n\t\t\t\t\t<h2 class=\"elementor-heading-title elementor-size-default\">Feedback<\/h2>\t\t\t\t<\/div>\n\t\t\t\t<\/div>\n\t\t\t\t<div class=\"elementor-element elementor-element-4786d26 elementor-widget elementor-widget-heading\" data-id=\"4786d26\" data-element_type=\"widget\" data-e-type=\"widget\" data-widget_type=\"heading.default\">\n\t\t\t\t<div class=\"elementor-widget-container\">\n\t\t\t\t\t<h1 class=\"elementor-heading-title elementor-size-default\">BEWERTEN SIE UNS<\/h1>\t\t\t\t<\/div>\n\t\t\t\t<\/div>\n\t\t\t\t\t<\/div>\n\t\t<\/div>\n\t\t\t\t\t<\/div>\n\t\t<\/section>\n\t\t\t\t<section data-particle_enable=\"false\" data-particle-mobile-disabled=\"false\" class=\"elementor-section elementor-top-section elementor-element elementor-element-8977841 elementor-section-boxed elementor-section-height-default elementor-section-height-default\" data-id=\"8977841\" data-element_type=\"section\" data-e-type=\"section\">\n\t\t\t\t\t\t<div class=\"elementor-container elementor-column-gap-no\">\n\t\t\t\t\t<div class=\"elementor-column elementor-col-100 elementor-top-column elementor-element elementor-element-d2afd70\" data-id=\"d2afd70\" data-element_type=\"column\" data-e-type=\"column\">\n\t\t\t<div class=\"elementor-widget-wrap elementor-element-populated\">\n\t\t\t\t\t\t<div class=\"elementor-element elementor-element-eaa8ce4 elementor-widget elementor-widget-text-editor\" data-id=\"eaa8ce4\" data-element_type=\"widget\" data-e-type=\"widget\" data-widget_type=\"text-editor.default\">\n\t\t\t\t<div class=\"elementor-widget-container\">\n\t\t\t\t\t\t\t\t\t<p>Wir freuen uns gerne \u00fcber Ihr telefonisches Feedback oder per Kontaktformular!<\/p>\n<p><span style=\"font-style: inherit;\"><strong>Grunder Gourmet Party- und Eventcatering GmbH &amp; Co. KG&nbsp;<\/strong><br><\/span><span style=\"font-style: inherit;\">Tel. +49(0)6841-972 90-0<\/span><\/p>\t\t\t\t\t\t\t\t<\/div>\n\t\t\t\t<\/div>\n\t\t\t\t<div class=\"elementor-element elementor-element-79d303f elementor-widget elementor-widget-shortcode\" data-id=\"79d303f\" data-element_type=\"widget\" data-e-type=\"widget\" data-widget_type=\"shortcode.default\">\n\t\t\t\t<div class=\"elementor-widget-container\">\n\t\t\t\t\t\t\t<div class=\"elementor-shortcode\"><div class=\"wpforms-container \" id=\"wpforms-2775\"><form id=\"wpforms-form-2775\" class=\"wpforms-validate wpforms-form\" data-formid=\"2775\" method=\"post\" enctype=\"multipart\/form-data\" action=\"\/fr_fr\/wp-json\/wp\/v2\/pages\/2786\" data-token=\"1b77873eeb4a300250099ea490eac6d3\" data-token-time=\"1776097580\"><noscript class=\"wpforms-error-noscript\">Veuillez activer JavaScript dans votre navigateur pour remplir ce formulaire.<\/noscript><div class=\"wpforms-field-container\"><div id=\"wpforms-2775-field_0-container\" class=\"wpforms-field wpforms-field-name\" data-field-id=\"0\"><label class=\"wpforms-field-label\" for=\"wpforms-2775-field_0\">Allgemeine Angaben <span class=\"wpforms-required-label\">*<\/span><\/label><div class=\"wpforms-field-row wpforms-field-medium\"><div class=\"wpforms-field-row-block wpforms-first wpforms-one-half\"><input type=\"text\" id=\"wpforms-2775-field_0\" class=\"wpforms-field-name-first wpforms-field-required\" name=\"wpforms[fields][0][first]\" placeholder=\"Veranstalter*\" required><label for=\"wpforms-2775-field_0\" class=\"wpforms-field-sublabel after wpforms-sublabel-hide\">Pr\u00e9nom<\/label><\/div><div class=\"wpforms-field-row-block wpforms-one-half\"><input type=\"text\" id=\"wpforms-2775-field_0-last\" class=\"wpforms-field-name-last wpforms-field-required\" name=\"wpforms[fields][0][last]\" placeholder=\"Veranstaltung*\" required><label for=\"wpforms-2775-field_0-last\" class=\"wpforms-field-sublabel after wpforms-sublabel-hide\">Nom<\/label><\/div><\/div><\/div><div id=\"wpforms-2775-field_5-container\" class=\"wpforms-field wpforms-field-name\" data-field-id=\"5\"><label class=\"wpforms-field-label wpforms-label-hide\" for=\"wpforms-2775-field_5\">Allgemeine Angaben (kopieren) <span class=\"wpforms-required-label\">*<\/span><\/label><div class=\"wpforms-field-row wpforms-field-medium\"><div class=\"wpforms-field-row-block wpforms-first wpforms-one-half\"><input type=\"text\" id=\"wpforms-2775-field_5\" class=\"wpforms-field-name-first wpforms-field-required\" name=\"wpforms[fields][5][first]\" placeholder=\"Datum*\" required><label for=\"wpforms-2775-field_5\" class=\"wpforms-field-sublabel after wpforms-sublabel-hide\">Pr\u00e9nom<\/label><\/div><div class=\"wpforms-field-row-block wpforms-one-half\"><input type=\"text\" id=\"wpforms-2775-field_5-last\" class=\"wpforms-field-name-last wpforms-field-required\" name=\"wpforms[fields][5][last]\" placeholder=\"Telefon\" required><label for=\"wpforms-2775-field_5-last\" class=\"wpforms-field-sublabel after wpforms-sublabel-hide\">Nom<\/label><\/div><\/div><\/div><div id=\"wpforms-2775-field_1-container\" class=\"wpforms-field wpforms-field-email\" data-field-id=\"1\"><label class=\"wpforms-field-label\" for=\"wpforms-2775-field_1\">E-Mail <span class=\"wpforms-required-label\">*<\/span><\/label><input type=\"email\" id=\"wpforms-2775-field_1\" class=\"wpforms-field-medium wpforms-field-required\" name=\"wpforms[fields][1]\" spellcheck=\"false\" required><div class=\"wpforms-field-description\">Bitte gib deine E-Mail ein, sodass wir in Kontakt bleiben k\u00f6nnen.<\/div><\/div><div id=\"wpforms-2775-field_4-container\" class=\"wpforms-field wpforms-field-textarea\" data-field-id=\"4\"><label class=\"wpforms-field-label\" for=\"wpforms-2775-field_4\">Waren Sie mit der Beratung und Betreuung zufrieden?<\/label><textarea id=\"wpforms-2775-field_4\" class=\"wpforms-field-medium\" name=\"wpforms[fields][4]\" placeholder=\"Ihre Meinung\" ><\/textarea><\/div><div id=\"wpforms-2775-field_6-container\" class=\"wpforms-field wpforms-field-textarea\" data-field-id=\"6\"><label class=\"wpforms-field-label\" for=\"wpforms-2775-field_6\">Waren Sie mit der Anlieferung zufrieden?<\/label><textarea id=\"wpforms-2775-field_6\" class=\"wpforms-field-medium\" name=\"wpforms[fields][6]\" placeholder=\"Ihre Meinung\" ><\/textarea><\/div><div id=\"wpforms-2775-field_7-container\" class=\"wpforms-field wpforms-field-textarea\" data-field-id=\"7\"><label class=\"wpforms-field-label\" for=\"wpforms-2775-field_7\">Hat das Personal Ihre Erwartungen erf\u00fcllt?<\/label><textarea id=\"wpforms-2775-field_7\" class=\"wpforms-field-medium\" name=\"wpforms[fields][7]\" placeholder=\"Ihre Meinung\" ><\/textarea><\/div><div id=\"wpforms-2775-field_8-container\" class=\"wpforms-field wpforms-field-textarea\" data-field-id=\"8\"><label class=\"wpforms-field-label\" for=\"wpforms-2775-field_8\">Waren Sie mit dem Ablauf der Veranstaltung zufrieden?<\/label><textarea id=\"wpforms-2775-field_8\" class=\"wpforms-field-medium\" name=\"wpforms[fields][8]\" placeholder=\"Ihre Meinung\" ><\/textarea><\/div><div id=\"wpforms-2775-field_9-container\" class=\"wpforms-field wpforms-field-textarea\" data-field-id=\"9\"><label class=\"wpforms-field-label\" for=\"wpforms-2775-field_9\">Waren Sie mit den Speisen und Getr\u00e4nken zufrieden?<\/label><textarea id=\"wpforms-2775-field_9\" class=\"wpforms-field-medium\" name=\"wpforms[fields][9]\" placeholder=\"Ihre Meinung\" ><\/textarea><\/div><div id=\"wpforms-2775-field_10-container\" class=\"wpforms-field wpforms-field-textarea\" data-field-id=\"10\"><label class=\"wpforms-field-label\" for=\"wpforms-2775-field_10\">Haben Sie Verbesserungsvorschl\u00e4ge oder Anregungen?<\/label><textarea id=\"wpforms-2775-field_10\" class=\"wpforms-field-medium\" name=\"wpforms[fields][10]\" placeholder=\"Verbesserungsvorschl\u00e4ge\" ><\/textarea><\/div><div id=\"wpforms-2775-field_11-container\" class=\"wpforms-field wpforms-field-textarea\" data-field-id=\"11\"><label class=\"wpforms-field-label\" for=\"wpforms-2775-field_11\">Was m\u00f6chten Sie uns sonst noch mitteilen?<\/label><textarea id=\"wpforms-2775-field_11\" class=\"wpforms-field-medium\" name=\"wpforms[fields][11]\" placeholder=\"Ihre Nachricht an uns\" ><\/textarea><\/div><div id=\"wpforms-2775-field_12-container\" class=\"wpforms-field wpforms-field-checkbox\" data-field-id=\"12\"><label class=\"wpforms-field-label\">Ich habe die Datenschutzerkl\u00e4rung gelesen und akzeptiere diese <span class=\"wpforms-required-label\">*<\/span><\/label><ul id=\"wpforms-2775-field_12\" class=\"wpforms-field-required\"><li class=\"choice-1 depth-1\"><input type=\"checkbox\" id=\"wpforms-2775-field_12_1\" name=\"wpforms[fields][12][]\" value=\"Akzeptieren\" required ><label class=\"wpforms-field-label-inline\" for=\"wpforms-2775-field_12_1\">Akzeptieren<\/label><\/li><\/ul><\/div><\/div><!-- .wpforms-field-container --><div class=\"wpforms-recaptcha-container wpforms-is-hcaptcha\" ><div class=\"h-captcha\" data-sitekey=\"0f229897-4a06-4857-b099-e73537ec0ba1\"><\/div><input type=\"text\" name=\"g-recaptcha-hidden\" class=\"wpforms-recaptcha-hidden\" style=\"position:absolute!important;clip:rect(0,0,0,0)!important;height:1px!important;width:1px!important;border:0!important;overflow:hidden!important;padding:0!important;margin:0!important;\" data-rule-hcaptcha=\"1\"><\/div><div class=\"wpforms-submit-container\" ><input type=\"hidden\" name=\"wpforms[id]\" value=\"2775\"><input type=\"hidden\" name=\"page_title\" value=\"\"><input type=\"hidden\" name=\"page_url\" value=\"https:\/\/grunder-gourmet.de\/fr_fr\/wp-json\/wp\/v2\/pages\/2786\"><input type=\"hidden\" name=\"url_referer\" value=\"\"><button type=\"submit\" name=\"wpforms[submit]\" id=\"wpforms-submit-2775\" class=\"wpforms-submit\" data-alt-text=\"Senden...\" data-submit-text=\"Feedback senden\" aria-live=\"assertive\" value=\"wpforms-submit\">Feedback senden<\/button><\/div><\/form><\/div>  <!-- .wpforms-container --><\/div>\n\t\t\t\t\t\t<\/div>\n\t\t\t\t<\/div>\n\t\t\t\t\t<\/div>\n\t\t<\/div>\n\t\t\t\t\t<\/div>\n\t\t<\/section>\n\t\t\t\t<\/div>\n\t\t","protected":false},"excerpt":{"rendered":"<p>Feedback VOUS NOUS \u00c9VALUEZ Nous nous r\u00e9jouissons de recevoir votre feedback par t\u00e9l\u00e9phone ou via le formulaire de contact ! Grunder Gourmet Party- und Eventcatering GmbH &amp; Co. KG T\u00e9l. +49(0)6841-972 90-0<\/p>","protected":false},"author":255,"featured_media":0,"parent":0,"menu_order":0,"comment_status":"closed","ping_status":"closed","template":"","meta":{"site-sidebar-layout":"no-sidebar","site-content-layout":"page-builder","ast-site-content-layout":"default","site-content-style":"default","site-sidebar-style":"default","ast-global-header-display":"","ast-banner-title-visibility":"","ast-main-header-display":"","ast-hfb-above-header-display":"","ast-hfb-below-header-display":"","ast-hfb-mobile-header-display":"","site-post-title":"disabled","ast-breadcrumbs-content":"","ast-featured-img":"disabled","footer-sml-layout":"","ast-disable-related-posts":"","theme-transparent-header-meta":"enabled","adv-header-id-meta":"","stick-header-meta":"default","header-above-stick-meta":"","header-main-stick-meta":"","header-below-stick-meta":"","astra-migrate-meta-layouts":"default","ast-page-background-enabled":"default","ast-page-background-meta":{"desktop":{"background-color":"","background-image":"","background-repeat":"repeat","background-position":"center center","background-size":"auto","background-attachment":"scroll","background-type":"","background-media":"","overlay-type":"","overlay-color":"","overlay-opacity":"","overlay-gradient":""},"tablet":{"background-color":"","background-image":"","background-repeat":"repeat","background-position":"center center","background-size":"auto","background-attachment":"scroll","background-type":"","background-media":"","overlay-type":"","overlay-color":"","overlay-opacity":"","overlay-gradient":""},"mobile":{"background-color":"","background-image":"","background-repeat":"repeat","background-position":"center center","background-size":"auto","background-attachment":"scroll","background-type":"","background-media":"","overlay-type":"","overlay-color":"","overlay-opacity":"","overlay-gradient":""}},"ast-content-background-meta":{"desktop":{"background-color":"var(--ast-global-color-5)","background-image":"","background-repeat":"repeat","background-position":"center center","background-size":"auto","background-attachment":"scroll","background-type":"","background-media":"","overlay-type":"","overlay-color":"","overlay-opacity":"","overlay-gradient":""},"tablet":{"background-color":"var(--ast-global-color-5)","background-image":"","background-repeat":"repeat","background-position":"center center","background-size":"auto","background-attachment":"scroll","background-type":"","background-media":"","overlay-type":"","overlay-color":"","overlay-opacity":"","overlay-gradient":""},"mobile":{"background-color":"var(--ast-global-color-5)","background-image":"","background-repeat":"repeat","background-position":"center center","background-size":"auto","background-attachment":"scroll","background-type":"","background-media":"","overlay-type":"","overlay-color":"","overlay-opacity":"","overlay-gradient":""}},"footnotes":""},"class_list":["post-2786","page","type-page","status-publish","hentry"],"_links":{"self":[{"href":"https:\/\/grunder-gourmet.de\/fr_fr\/wp-json\/wp\/v2\/pages\/2786","targetHints":{"allow":["GET"]}}],"collection":[{"href":"https:\/\/grunder-gourmet.de\/fr_fr\/wp-json\/wp\/v2\/pages"}],"about":[{"href":"https:\/\/grunder-gourmet.de\/fr_fr\/wp-json\/wp\/v2\/types\/page"}],"author":[{"embeddable":true,"href":"https:\/\/grunder-gourmet.de\/fr_fr\/wp-json\/wp\/v2\/users\/255"}],"replies":[{"embeddable":true,"href":"https:\/\/grunder-gourmet.de\/fr_fr\/wp-json\/wp\/v2\/comments?post=2786"}],"version-history":[{"count":10,"href":"https:\/\/grunder-gourmet.de\/fr_fr\/wp-json\/wp\/v2\/pages\/2786\/revisions"}],"predecessor-version":[{"id":7770,"href":"https:\/\/grunder-gourmet.de\/fr_fr\/wp-json\/wp\/v2\/pages\/2786\/revisions\/7770"}],"wp:attachment":[{"href":"https:\/\/grunder-gourmet.de\/fr_fr\/wp-json\/wp\/v2\/media?parent=2786"}],"curies":[{"name":"wp","href":"https:\/\/api.w.org\/{rel}","templated":true}]}}