{"id":1236,"date":"2021-01-19T11:09:19","date_gmt":"2021-01-19T10:09:19","guid":{"rendered":"http:\/\/grunder.votingtool-online.de\/?page_id=1236"},"modified":"2025-07-18T10:31:43","modified_gmt":"2025-07-18T08:31:43","slug":"impressum","status":"publish","type":"page","link":"https:\/\/grunder-gourmet.de\/fr_fr\/impressum\/","title":{"rendered":"Mentions l\u00e9gales"},"content":{"rendered":"<div data-elementor-type=\"wp-page\" data-elementor-id=\"1236\" class=\"elementor elementor-1236\" data-elementor-post-type=\"page\">\n\t\t\t\t\t\t<section data-particle_enable=\"false\" data-particle-mobile-disabled=\"false\" class=\"elementor-section elementor-top-section elementor-element elementor-element-e63b4d4 elementor-section-boxed elementor-section-height-default elementor-section-height-default\" data-id=\"e63b4d4\" data-element_type=\"section\" data-e-type=\"section\">\n\t\t\t\t\t\t<div class=\"elementor-container elementor-column-gap-default\">\n\t\t\t\t\t<div class=\"elementor-column elementor-col-100 elementor-top-column elementor-element elementor-element-9028226\" data-id=\"9028226\" data-element_type=\"column\" data-e-type=\"column\">\n\t\t\t<div class=\"elementor-widget-wrap elementor-element-populated\">\n\t\t\t\t\t\t<div class=\"elementor-element elementor-element-471c6d4 elementor-widget elementor-widget-text-editor\" data-id=\"471c6d4\" data-element_type=\"widget\" data-e-type=\"widget\" data-widget_type=\"text-editor.default\">\n\t\t\t\t<div class=\"elementor-widget-container\">\n\t\t\t\t\t\t\t\t\t<h2>Mentions l\u00e9gales<\/h2>\n<h3>Informations selon \u00a7 5 TMG<\/h3>\n<p>Grunder Gourmet Party- et Event- Catering GmbH &amp; Co. KG<br>8, rue Konrad Zuse<br>66459 Kirkel-Limbach<\/p>\n<p>Registre du commerce : HRA11120<br>Tribunal d'enregistrement : Tribunal d'instance de Sarrebruck<\/p>\n<p><strong>Repr\u00e9sent\u00e9 par :<\/strong><br>Kai Grunder<\/p>\n<p><strong>Associ\u00e9 responsable personnellement<\/strong><\/p>\n<p>Gourmet Party- und Event-Catering Verwaltungs-GmbH<br><span style=\"font-size: 16px;\">Konrad-Zuse-Stra\u00dfe 8<br><\/span>66459 Kirkel-Limbach<\/p>\n<p>Courrier \u00e9lectronique : <a href=\"mailto:info@grundergourmet.de\">info@grundergourmet.de<\/a><\/p>\n<p>T\u00e9l. : +49 6841-972 90-0<br>T\u00e9l\u00e9copieur : +49 6841-972 90-23<\/p>\n<p>Tribunal d'enregistrement : Tribunal d'instance de Sarrebruck<\/p>\n<p>Num\u00e9ro d'enregistrement : HRB 19610<br>Directeur : Kai Grunder<\/p>\n<h3>Contact<\/h3>\n<p>Telefon: 06841-972900<br>T\u00e9l\u00e9copieur : 06841-9729023<br>E-Mail: info@grundergourmet.de<\/p>\n<h3>Num\u00e9ro d'identification de la taxe sur le chiffre d'affaires<\/h3>\n<p>Num\u00e9ro d'identification de la taxe sur le chiffre d'affaires conform\u00e9ment au \u00a7 27 a de la loi sur la taxe sur le chiffre d'affaires :<br>FR279330478<\/p>\n<h3>Responsable de la r\u00e9daction<\/h3>\n<p>Kai Grunder<br>(adresse comme ci-dessus)<\/p>\n<h3><span style=\"font-size: 1.6rem; font-style: inherit;\">Responsabilit\u00e9 du contenu<\/span><\/h3>\n<p>En tant que prestataire de services, nous sommes responsables, conform\u00e9ment au \u00a7 7 alin\u00e9a 1 de la loi allemande sur les t\u00e9l\u00e9m\u00e9dias (TMG), de nos propres contenus sur ces pages selon les lois g\u00e9n\u00e9rales. Selon les \u00a7\u00a7 8 \u00e0 10 de la TMG, nous ne sommes toutefois pas tenus, en tant que prestataire de services, de surveiller les informations externes transmises ou enregistr\u00e9es ou de rechercher les circonstances qui indiquent une activit\u00e9 ill\u00e9gale.<\/p>\n<p>Les obligations de supprimer ou de bloquer l'utilisation d'informations conform\u00e9ment aux lois g\u00e9n\u00e9rales restent inchang\u00e9es. Une responsabilit\u00e9 \u00e0 cet \u00e9gard n'est toutefois possible qu'\u00e0 partir du moment o\u00f9 une violation concr\u00e8te de la loi est connue. D\u00e8s la prise de connaissance d'une telle violation, nous supprimerons imm\u00e9diatement les contenus concern\u00e9s.<\/p>\n<h3>Responsabilit\u00e9 pour les liens<\/h3>\n<p>Notre offre contient des liens vers des sites web externes de tiers, sur le contenu desquels nous n'avons aucune influence. C'est pourquoi nous ne pouvons pas non plus nous porter garants de ces contenus externes. Le fournisseur ou l'exploitant des pages li\u00e9es est toujours responsable des contenus de ces pages. Les pages li\u00e9es ont \u00e9t\u00e9 contr\u00f4l\u00e9es au moment de la cr\u00e9ation du lien afin de v\u00e9rifier qu'elles ne pr\u00e9sentaient pas d'infraction \u00e0 la loi. Aucun contenu ill\u00e9gal n'a \u00e9t\u00e9 identifi\u00e9 au moment de la cr\u00e9ation des liens.<\/p>\n<p>Un contr\u00f4le permanent du contenu des pages li\u00e9es n'est cependant pas exigible sans indices concrets d'une violation de la loi. D\u00e8s que nous aurons connaissance d'une violation de la loi, nous supprimerons imm\u00e9diatement les liens concern\u00e9s.<\/p>\n<h3>Droit d'auteur<\/h3>\n<p>Les contenus et \u0153uvres cr\u00e9\u00e9s par les exploitants de ces pages sont soumis au droit d'auteur allemand. La reproduction, le traitement, la diffusion et toute forme d'exploitation en dehors des limites du droit d'auteur requi\u00e8rent l'accord \u00e9crit de l'auteur ou du cr\u00e9ateur concern\u00e9. Les t\u00e9l\u00e9chargements et les copies de ce site ne sont autoris\u00e9s que pour un usage priv\u00e9 et non commercial.<\/p>\n<p>Dans la mesure o\u00f9 les contenus de ce site n'ont pas \u00e9t\u00e9 cr\u00e9\u00e9s par l'exploitant, les droits d'auteur de tiers sont respect\u00e9s. Les contenus de tiers sont notamment identifi\u00e9s comme tels. Si vous deviez n\u00e9anmoins constater une violation des droits d'auteur, nous vous prions de nous en informer. D\u00e8s la prise de connaissance d'une violation de la loi, nous supprimerons imm\u00e9diatement les contenus concern\u00e9s.<\/p>\t\t\t\t\t\t\t\t<\/div>\n\t\t\t\t<\/div>\n\t\t\t\t\t<\/div>\n\t\t<\/div>\n\t\t\t\t\t<\/div>\n\t\t<\/section>\n\t\t\t\t<section data-particle_enable=\"false\" data-particle-mobile-disabled=\"false\" class=\"elementor-section elementor-top-section elementor-element elementor-element-27d42a78 elementor-section-boxed elementor-section-height-default elementor-section-height-default\" data-id=\"27d42a78\" data-element_type=\"section\" data-e-type=\"section\">\n\t\t\t\t\t\t<div class=\"elementor-container elementor-column-gap-default\">\n\t\t\t\t\t<div class=\"elementor-column elementor-col-100 elementor-top-column elementor-element elementor-element-76394e39\" data-id=\"76394e39\" data-element_type=\"column\" data-e-type=\"column\">\n\t\t\t<div class=\"elementor-widget-wrap elementor-element-populated\">\n\t\t\t\t\t\t<div class=\"elementor-element elementor-element-272cac70 elementor-widget elementor-widget-heading\" data-id=\"272cac70\" data-element_type=\"widget\" data-e-type=\"widget\" data-widget_type=\"heading.default\">\n\t\t\t\t<div class=\"elementor-widget-container\">\n\t\t\t\t\t<h2 class=\"elementor-heading-title elementor-size-default\">Internet-Konzeption, CMS &amp; Hosting<\/h2>\t\t\t\t<\/div>\n\t\t\t\t<\/div>\n\t\t\t\t<section data-particle_enable=\"false\" data-particle-mobile-disabled=\"false\" class=\"elementor-section elementor-inner-section elementor-element elementor-element-21048711 elementor-section-full_width elementor-section-height-default elementor-section-height-default\" data-id=\"21048711\" data-element_type=\"section\" data-e-type=\"section\">\n\t\t\t\t\t\t<div class=\"elementor-container elementor-column-gap-no\">\n\t\t\t\t\t<div class=\"elementor-column elementor-col-50 elementor-inner-column elementor-element elementor-element-7b15962d\" data-id=\"7b15962d\" data-element_type=\"column\" data-e-type=\"column\">\n\t\t\t<div class=\"elementor-widget-wrap elementor-element-populated\">\n\t\t\t\t\t\t<div class=\"elementor-element elementor-element-73dc2981 elementor-widget elementor-widget-text-editor\" data-id=\"73dc2981\" data-element_type=\"widget\" data-e-type=\"widget\" data-widget_type=\"text-editor.default\">\n\t\t\t\t<div class=\"elementor-widget-container\">\n\t\t\t\t\t\t\t\t\t<p>webext media GmbH<br \/>11a, rue d'Ommersheim<br \/>66386 St. Ingbert<br \/><br \/>Courrier \u00e9lectronique : <a href=\"mailto:hi@webext-media.de\">hi@webext-media.de<\/a><br \/>Internet : <a href=\"https:\/\/webext-media.de\">www.webext-media.de<\/a><\/p>\t\t\t\t\t\t\t\t<\/div>\n\t\t\t\t<\/div>\n\t\t\t\t\t<\/div>\n\t\t<\/div>\n\t\t\t\t<div class=\"elementor-column elementor-col-50 elementor-inner-column elementor-element elementor-element-6df89eee\" data-id=\"6df89eee\" data-element_type=\"column\" data-e-type=\"column\">\n\t\t\t<div class=\"elementor-widget-wrap elementor-element-populated\">\n\t\t\t\t\t\t<div class=\"elementor-element elementor-element-11bde388 elementor-widget elementor-widget-image\" data-id=\"11bde388\" data-element_type=\"widget\" data-e-type=\"widget\" data-widget_type=\"image.default\">\n\t\t\t\t<div class=\"elementor-widget-container\">\n\t\t\t\t\t\t\t\t\t\t\t\t\t\t\t\t<a href=\"https:\/\/webext-media.de\">\n\t\t\t\t\t\t\t<img fetchpriority=\"high\" decoding=\"async\" width=\"1779\" height=\"582\" src=\"data:image\/gif;base64,R0lGODlhAQABAIAAAAAAAP\/\/\/yH5BAEAAAAALAAAAAABAAEAAAIBRAA7\" data-src=\"https:\/\/grunder-gourmet.de\/wp-content\/uploads\/2022\/08\/Siegel-mit-Logo.png\" class=\"attachment-full size-full wp-image-6969 lazyload\" alt=\"\" data-srcset=\"https:\/\/grunder-gourmet.de\/wp-content\/uploads\/2022\/08\/Siegel-mit-Logo.png 1779w, https:\/\/grunder-gourmet.de\/wp-content\/uploads\/2022\/08\/Siegel-mit-Logo-300x98.png 300w, https:\/\/grunder-gourmet.de\/wp-content\/uploads\/2022\/08\/Siegel-mit-Logo-1024x335.png 1024w, https:\/\/grunder-gourmet.de\/wp-content\/uploads\/2022\/08\/Siegel-mit-Logo-768x251.png 768w, https:\/\/grunder-gourmet.de\/wp-content\/uploads\/2022\/08\/Siegel-mit-Logo-1536x503.png 1536w, https:\/\/grunder-gourmet.de\/wp-content\/uploads\/2022\/08\/Siegel-mit-Logo-18x6.png 18w, https:\/\/grunder-gourmet.de\/wp-content\/uploads\/2022\/08\/Siegel-mit-Logo-600x196.png 600w, https:\/\/grunder-gourmet.de\/wp-content\/uploads\/2022\/08\/Siegel-mit-Logo-1320x432.png 1320w, https:\/\/grunder-gourmet.de\/wp-content\/uploads\/2022\/08\/Siegel-mit-Logo-64x21.png 64w\" sizes=\"(max-width: 1779px) 100vw, 1779px\" \/><noscript><img decoding=\"async\" width=\"1779\" height=\"582\" src=\"https:\/\/grunder-gourmet.de\/wp-content\/uploads\/2022\/08\/Siegel-mit-Logo.png\" class=\"attachment-full size-full wp-image-6969 lazyload\" alt=\"\" srcset=\"https:\/\/grunder-gourmet.de\/wp-content\/uploads\/2022\/08\/Siegel-mit-Logo.png 1779w, https:\/\/grunder-gourmet.de\/wp-content\/uploads\/2022\/08\/Siegel-mit-Logo-300x98.png 300w, https:\/\/grunder-gourmet.de\/wp-content\/uploads\/2022\/08\/Siegel-mit-Logo-1024x335.png 1024w, https:\/\/grunder-gourmet.de\/wp-content\/uploads\/2022\/08\/Siegel-mit-Logo-768x251.png 768w, https:\/\/grunder-gourmet.de\/wp-content\/uploads\/2022\/08\/Siegel-mit-Logo-1536x503.png 1536w, https:\/\/grunder-gourmet.de\/wp-content\/uploads\/2022\/08\/Siegel-mit-Logo-18x6.png 18w, https:\/\/grunder-gourmet.de\/wp-content\/uploads\/2022\/08\/Siegel-mit-Logo-600x196.png 600w, https:\/\/grunder-gourmet.de\/wp-content\/uploads\/2022\/08\/Siegel-mit-Logo-1320x432.png 1320w, https:\/\/grunder-gourmet.de\/wp-content\/uploads\/2022\/08\/Siegel-mit-Logo-64x21.png 64w\" sizes=\"(max-width: 1779px) 100vw, 1779px\" \/><\/noscript>\t\t\t\t\t\t\t\t<\/a>\n\t\t\t\t\t\t\t\t\t\t\t\t\t\t\t<\/div>\n\t\t\t\t<\/div>\n\t\t\t\t\t<\/div>\n\t\t<\/div>\n\t\t\t\t\t<\/div>\n\t\t<\/section>\n\t\t\t\t<div class=\"elementor-element elementor-element-1a764e1 elementor-widget elementor-widget-image\" data-id=\"1a764e1\" data-element_type=\"widget\" data-e-type=\"widget\" data-widget_type=\"image.default\">\n\t\t\t\t<div class=\"elementor-widget-container\">\n\t\t\t\t\t\t\t\t\t\t\t\t\t\t\t<img decoding=\"async\" width=\"120\" height=\"156\" src=\"data:image\/gif;base64,R0lGODlhAQABAIAAAAAAAP\/\/\/yH5BAEAAAAALAAAAAABAAEAAAIBRAA7\" data-src=\"https:\/\/grunder-gourmet.de\/wp-content\/uploads\/2022\/08\/erecht24-siegel-impressum-rot.png\" class=\"attachment-large size-large wp-image-6974 lazyload\" alt=\"\" data-srcset=\"https:\/\/grunder-gourmet.de\/wp-content\/uploads\/2022\/08\/erecht24-siegel-impressum-rot.png 120w, https:\/\/grunder-gourmet.de\/wp-content\/uploads\/2022\/08\/erecht24-siegel-impressum-rot-9x12.png 9w, https:\/\/grunder-gourmet.de\/wp-content\/uploads\/2022\/08\/erecht24-siegel-impressum-rot-64x83.png 64w\" sizes=\"(max-width: 120px) 100vw, 120px\" \/><noscript><img loading=\"lazy\" decoding=\"async\" width=\"120\" height=\"156\" src=\"https:\/\/grunder-gourmet.de\/wp-content\/uploads\/2022\/08\/erecht24-siegel-impressum-rot.png\" class=\"attachment-large size-large wp-image-6974 lazyload\" alt=\"\" srcset=\"https:\/\/grunder-gourmet.de\/wp-content\/uploads\/2022\/08\/erecht24-siegel-impressum-rot.png 120w, https:\/\/grunder-gourmet.de\/wp-content\/uploads\/2022\/08\/erecht24-siegel-impressum-rot-9x12.png 9w, https:\/\/grunder-gourmet.de\/wp-content\/uploads\/2022\/08\/erecht24-siegel-impressum-rot-64x83.png 64w\" sizes=\"(max-width: 120px) 100vw, 120px\" \/><\/noscript>\t\t\t\t\t\t\t\t\t\t\t\t\t\t\t<\/div>\n\t\t\t\t<\/div>\n\t\t\t\t\t<\/div>\n\t\t<\/div>\n\t\t\t\t\t<\/div>\n\t\t<\/section>\n\t\t\t\t<\/div>","protected":false},"excerpt":{"rendered":"<p>Impressum Angaben gem\u00e4\u00df \u00a7 5 TMG Grunder Gourmet Party- und Event- Catering GmbH &amp; Co. KGKonrad-Zuse-Str. 866459 Kirkel-Limbach Handelsregister: HRA11120Registergericht: Amtsgericht Saarbr\u00fccken Vertreten durch:Kai Grunder Pers\u00f6nlich haftende Gesellschafterin Gourmet Party- und Event-Catering Verwaltungs-GmbHKonrad-Zuse-Stra\u00dfe 866459 Kirkel-Limbach E-Mail: info@grundergourmet.de Tel.: +49 6841-972 90-0Fax: +49 6841-972 90-23 Registergericht: Amtsgericht Saarbr\u00fccken Registernummer: HRB 19610Gesch\u00e4ftsf\u00fchrer: Kai Grunder Kontakt Telefon: 06841-972900Telefax: [&hellip;]<\/p>\n","protected":false},"author":255,"featured_media":0,"parent":0,"menu_order":0,"comment_status":"closed","ping_status":"closed","template":"","meta":{"site-sidebar-layout":"no-sidebar","site-content-layout":"page-builder","ast-site-content-layout":"default","site-content-style":"default","site-sidebar-style":"default","ast-global-header-display":"","ast-banner-title-visibility":"","ast-main-header-display":"","ast-hfb-above-header-display":"","ast-hfb-below-header-display":"","ast-hfb-mobile-header-display":"","site-post-title":"disabled","ast-breadcrumbs-content":"","ast-featured-img":"disabled","footer-sml-layout":"","ast-disable-related-posts":"","theme-transparent-header-meta":"default","adv-header-id-meta":"","stick-header-meta":"default","header-above-stick-meta":"","header-main-stick-meta":"","header-below-stick-meta":"","astra-migrate-meta-layouts":"default","ast-page-background-enabled":"default","ast-page-background-meta":{"desktop":{"background-color":"","background-image":"","background-repeat":"repeat","background-position":"center center","background-size":"auto","background-attachment":"scroll","background-type":"","background-media":"","overlay-type":"","overlay-color":"","overlay-opacity":"","overlay-gradient":""},"tablet":{"background-color":"","background-image":"","background-repeat":"repeat","background-position":"center center","background-size":"auto","background-attachment":"scroll","background-type":"","background-media":"","overlay-type":"","overlay-color":"","overlay-opacity":"","overlay-gradient":""},"mobile":{"background-color":"","background-image":"","background-repeat":"repeat","background-position":"center center","background-size":"auto","background-attachment":"scroll","background-type":"","background-media":"","overlay-type":"","overlay-color":"","overlay-opacity":"","overlay-gradient":""}},"ast-content-background-meta":{"desktop":{"background-color":"var(--ast-global-color-5)","background-image":"","background-repeat":"repeat","background-position":"center center","background-size":"auto","background-attachment":"scroll","background-type":"","background-media":"","overlay-type":"","overlay-color":"","overlay-opacity":"","overlay-gradient":""},"tablet":{"background-color":"var(--ast-global-color-5)","background-image":"","background-repeat":"repeat","background-position":"center center","background-size":"auto","background-attachment":"scroll","background-type":"","background-media":"","overlay-type":"","overlay-color":"","overlay-opacity":"","overlay-gradient":""},"mobile":{"background-color":"var(--ast-global-color-5)","background-image":"","background-repeat":"repeat","background-position":"center center","background-size":"auto","background-attachment":"scroll","background-type":"","background-media":"","overlay-type":"","overlay-color":"","overlay-opacity":"","overlay-gradient":""}},"footnotes":""},"class_list":["post-1236","page","type-page","status-publish","hentry"],"_links":{"self":[{"href":"https:\/\/grunder-gourmet.de\/fr_fr\/wp-json\/wp\/v2\/pages\/1236","targetHints":{"allow":["GET"]}}],"collection":[{"href":"https:\/\/grunder-gourmet.de\/fr_fr\/wp-json\/wp\/v2\/pages"}],"about":[{"href":"https:\/\/grunder-gourmet.de\/fr_fr\/wp-json\/wp\/v2\/types\/page"}],"author":[{"embeddable":true,"href":"https:\/\/grunder-gourmet.de\/fr_fr\/wp-json\/wp\/v2\/users\/255"}],"replies":[{"embeddable":true,"href":"https:\/\/grunder-gourmet.de\/fr_fr\/wp-json\/wp\/v2\/comments?post=1236"}],"version-history":[{"count":10,"href":"https:\/\/grunder-gourmet.de\/fr_fr\/wp-json\/wp\/v2\/pages\/1236\/revisions"}],"predecessor-version":[{"id":9267,"href":"https:\/\/grunder-gourmet.de\/fr_fr\/wp-json\/wp\/v2\/pages\/1236\/revisions\/9267"}],"wp:attachment":[{"href":"https:\/\/grunder-gourmet.de\/fr_fr\/wp-json\/wp\/v2\/media?parent=1236"}],"curies":[{"name":"wp","href":"https:\/\/api.w.org\/{rel}","templated":true}]}}