{"id":4635,"date":"2021-03-09T09:44:19","date_gmt":"2021-03-09T08:44:19","guid":{"rendered":"https:\/\/grunder-gourmet.de\/zahlungsweisen\/"},"modified":"2023-02-21T20:13:02","modified_gmt":"2023-02-21T19:13:02","slug":"zahlungsweisen","status":"publish","type":"page","link":"https:\/\/grunder-gourmet.de\/en_en\/zahlungsweisen\/","title":{"rendered":"Payment methods"},"content":{"rendered":"<div data-elementor-type=\"wp-page\" data-elementor-id=\"4635\" class=\"elementor elementor-4635\" data-elementor-post-type=\"page\">\n\t\t\t\t\t\t<section data-particle_enable=\"false\" data-particle-mobile-disabled=\"false\" class=\"elementor-section elementor-top-section elementor-element elementor-element-612c4ff9 elementor-section-boxed elementor-section-height-default elementor-section-height-default\" data-id=\"612c4ff9\" data-element_type=\"section\" data-e-type=\"section\">\n\t\t\t\t\t\t<div class=\"elementor-container elementor-column-gap-default\">\n\t\t\t\t\t<div class=\"elementor-column elementor-col-100 elementor-top-column elementor-element elementor-element-50dd2fa6\" data-id=\"50dd2fa6\" data-element_type=\"column\" data-e-type=\"column\">\n\t\t\t<div class=\"elementor-widget-wrap elementor-element-populated\">\n\t\t\t\t\t\t<div class=\"elementor-element elementor-element-15f3d8a elementor-widget elementor-widget-heading\" data-id=\"15f3d8a\" data-element_type=\"widget\" data-e-type=\"widget\" data-widget_type=\"heading.default\">\n\t\t\t\t<div class=\"elementor-widget-container\">\n\t\t\t\t\t<h2 class=\"elementor-heading-title elementor-size-default\">Payment methods<\/h2>\t\t\t\t<\/div>\n\t\t\t\t<\/div>\n\t\t\t\t<div class=\"elementor-element elementor-element-22aa4f76 elementor-widget elementor-widget-text-editor\" data-id=\"22aa4f76\" data-element_type=\"widget\" data-e-type=\"widget\" data-widget_type=\"text-editor.default\">\n\t\t\t\t<div class=\"elementor-widget-container\">\n\t\t\t\t\t\t\t\t\t<p><span style=\"font-style: inherit;\">We offer the following payment methods. Simply choose the payment method that suits you best. The prices listed in the respective offers are final prices. They include all price components including any applicable taxes such as VAT. Only in the case of cross-border deliveries may additional taxes (e.g. in the case of an intra-Community purchase) and\/or duties (e.g. customs duties) be payable by you in individual cases, but not to the seller, but to the customs or tax authorities responsible there. The delivery and shipping costs incurred are not included in the purchase price; they can be called up via the \"Shipping costs\" page, are shown separately during the ordering process and are to be borne by you in addition.<\/span><\/p><p><em>Cash payment on delivery<\/em><\/p><p>Simply order and pay on delivery<\/p><p><em>PayPal<\/em><\/p><p>Pay even faster and more securely with your PayPal account<\/p><p><em>Credit card (Visa, Mastercard)<\/em><\/p><p>Pay directly online with your credit card. We use the payment service provider Stripe for this purpose.<\/p><p><em>Giropay<\/em><\/p><p>Pay quickly and easily via your online banking. A service of paydirekt GmbH<\/p><p><em>Immediately<\/em><\/p><p>pay conveniently via instant bank transfer. We use the service provider Stripe\/Klarna for this purpose.<\/p>\t\t\t\t\t\t\t\t<\/div>\n\t\t\t\t<\/div>\n\t\t\t\t\t<\/div>\n\t\t<\/div>\n\t\t\t\t\t<\/div>\n\t\t<\/section>\n\t\t\t\t<\/div>","protected":false},"excerpt":{"rendered":"<p>Zahlungsarten Wir bieten Ihnen folgende Zahlungsarten an. Suchen Sie sich einfach die f\u00fcr Sie optimale Zahlart aus. Die in den jeweiligen Angeboten angef\u00fchrten Preise stellen Endpreise dar. Sie beinhalten alle Preisbestandteile einschlie\u00dflich etwaig anfallender Steuern wie Mehrwertsteuer. Nur bei grenz\u00fcberschreitender Lieferung k\u00f6nnen im Einzelfall weitere Steuern (z.B. im Falle eines innergemeinschaftlichen Erwerbs) und\/oder Abgaben (z.B. [&hellip;]<\/p>\n","protected":false},"author":255,"featured_media":0,"parent":0,"menu_order":0,"comment_status":"closed","ping_status":"closed","template":"","meta":{"site-sidebar-layout":"default","site-content-layout":"","ast-site-content-layout":"default","site-content-style":"default","site-sidebar-style":"default","ast-global-header-display":"","ast-banner-title-visibility":"","ast-main-header-display":"","ast-hfb-above-header-display":"","ast-hfb-below-header-display":"","ast-hfb-mobile-header-display":"","site-post-title":"disabled","ast-breadcrumbs-content":"","ast-featured-img":"","footer-sml-layout":"","ast-disable-related-posts":"","theme-transparent-header-meta":"","adv-header-id-meta":"","stick-header-meta":"","header-above-stick-meta":"","header-main-stick-meta":"","header-below-stick-meta":"","astra-migrate-meta-layouts":"default","ast-page-background-enabled":"default","ast-page-background-meta":{"desktop":{"background-color":"","background-image":"","background-repeat":"repeat","background-position":"center center","background-size":"auto","background-attachment":"scroll","background-type":"","background-media":"","overlay-type":"","overlay-color":"","overlay-opacity":"","overlay-gradient":""},"tablet":{"background-color":"","background-image":"","background-repeat":"repeat","background-position":"center center","background-size":"auto","background-attachment":"scroll","background-type":"","background-media":"","overlay-type":"","overlay-color":"","overlay-opacity":"","overlay-gradient":""},"mobile":{"background-color":"","background-image":"","background-repeat":"repeat","background-position":"center center","background-size":"auto","background-attachment":"scroll","background-type":"","background-media":"","overlay-type":"","overlay-color":"","overlay-opacity":"","overlay-gradient":""}},"ast-content-background-meta":{"desktop":{"background-color":"var(--ast-global-color-5)","background-image":"","background-repeat":"repeat","background-position":"center center","background-size":"auto","background-attachment":"scroll","background-type":"","background-media":"","overlay-type":"","overlay-color":"","overlay-opacity":"","overlay-gradient":""},"tablet":{"background-color":"var(--ast-global-color-5)","background-image":"","background-repeat":"repeat","background-position":"center center","background-size":"auto","background-attachment":"scroll","background-type":"","background-media":"","overlay-type":"","overlay-color":"","overlay-opacity":"","overlay-gradient":""},"mobile":{"background-color":"var(--ast-global-color-5)","background-image":"","background-repeat":"repeat","background-position":"center center","background-size":"auto","background-attachment":"scroll","background-type":"","background-media":"","overlay-type":"","overlay-color":"","overlay-opacity":"","overlay-gradient":""}},"footnotes":""},"class_list":["post-4635","page","type-page","status-publish","hentry"],"_links":{"self":[{"href":"https:\/\/grunder-gourmet.de\/en_en\/wp-json\/wp\/v2\/pages\/4635","targetHints":{"allow":["GET"]}}],"collection":[{"href":"https:\/\/grunder-gourmet.de\/en_en\/wp-json\/wp\/v2\/pages"}],"about":[{"href":"https:\/\/grunder-gourmet.de\/en_en\/wp-json\/wp\/v2\/types\/page"}],"author":[{"embeddable":true,"href":"https:\/\/grunder-gourmet.de\/en_en\/wp-json\/wp\/v2\/users\/255"}],"replies":[{"embeddable":true,"href":"https:\/\/grunder-gourmet.de\/en_en\/wp-json\/wp\/v2\/comments?post=4635"}],"version-history":[{"count":10,"href":"https:\/\/grunder-gourmet.de\/en_en\/wp-json\/wp\/v2\/pages\/4635\/revisions"}],"predecessor-version":[{"id":7457,"href":"https:\/\/grunder-gourmet.de\/en_en\/wp-json\/wp\/v2\/pages\/4635\/revisions\/7457"}],"wp:attachment":[{"href":"https:\/\/grunder-gourmet.de\/en_en\/wp-json\/wp\/v2\/media?parent=4635"}],"curies":[{"name":"wp","href":"https:\/\/api.w.org\/{rel}","templated":true}]}}