{"id":1332,"date":"2021-01-19T13:22:55","date_gmt":"2021-01-19T12:22:55","guid":{"rendered":"http:\/\/grunder.votingtool-online.de\/widerrufsbelehrung\/"},"modified":"2021-03-07T23:54:32","modified_gmt":"2021-03-07T22:54:32","slug":"widerrufsbelehrung","status":"publish","type":"page","link":"https:\/\/grunder-gourmet.de\/en_en\/widerrufsbelehrung\/","title":{"rendered":"Widerrufsbelehrung"},"content":{"rendered":"\t\t<div data-elementor-type=\"wp-page\" data-elementor-id=\"1332\" class=\"elementor elementor-1332\" data-elementor-post-type=\"page\">\n\t\t\t\t\t\t<section data-particle_enable=\"false\" data-particle-mobile-disabled=\"false\" class=\"elementor-section elementor-top-section elementor-element elementor-element-618904b elementor-section-boxed elementor-section-height-default elementor-section-height-default\" data-id=\"618904b\" data-element_type=\"section\" data-e-type=\"section\">\n\t\t\t\t\t\t<div class=\"elementor-container elementor-column-gap-default\">\n\t\t\t\t\t<div class=\"elementor-column elementor-col-100 elementor-top-column elementor-element elementor-element-9a37780\" data-id=\"9a37780\" data-element_type=\"column\" data-e-type=\"column\">\n\t\t\t<div class=\"elementor-widget-wrap elementor-element-populated\">\n\t\t\t\t\t\t<div class=\"elementor-element elementor-element-14c2328 elementor-widget elementor-widget-heading\" data-id=\"14c2328\" data-element_type=\"widget\" data-e-type=\"widget\" data-widget_type=\"heading.default\">\n\t\t\t\t<div class=\"elementor-widget-container\">\n\t\t\t\t\t<h2 class=\"elementor-heading-title elementor-size-default\">Widerrufsbelehrung<\/h2>\t\t\t\t<\/div>\n\t\t\t\t<\/div>\n\t\t\t\t<div class=\"elementor-element elementor-element-7b2ddd7 elementor-widget elementor-widget-text-editor\" data-id=\"7b2ddd7\" data-element_type=\"widget\" data-e-type=\"widget\" data-widget_type=\"text-editor.default\">\n\t\t\t\t<div class=\"elementor-widget-container\">\n\t\t\t\t\t\t\t\t\t<p>1. Widerrufsrecht <br \/>Wenn Sie Verbraucher sind, steht Ihnen ein gesetzliches Widerrufsrecht zu, so dass Sie Ihre Vertragserkl\u00e4rung nach Ma\u00dfgabe der folgenden Belehrungen widerrufen k\u00f6nnen:<br \/><br \/><br \/>1.1 Widerrufsbelehrung, wenn die bestellte Ware in einer Lieferung geliefert oder entgegengenommen wird:<br \/>Widerrufsbelehrung<br \/>Widerrufsrecht<br \/><br \/>Sie haben das Recht, binnen vierzehn Tagen ohne Angabe von Gr\u00fcnden diesen Vertrag zu widerrufen.<br \/><br \/>Die Widerrufsfrist betr\u00e4gt vierzehn Tage ab dem Tag an dem Sie oder ein von Ihnen benannter Dritter, der nicht der Bef\u00f6rderer ist, die Waren in Besitz genommen haben bzw. hat.<br \/><br \/>Um Ihr Widerrufsrecht auszu\u00fcben, m\u00fcssen Sie uns (Grunder Gourmet Party- und Event-Catering GmbH &amp; Co. KG, Konrad-Zuse-Stra\u00dfe 8, 66459 Kirkel-Limbach, Telefon: +49 6841-972 90-0, E-Mail: info@grundergourmet.de) mittels einer eindeutigen Erkl\u00e4rung (z.B. ein mit der Post versandter Brief, Telefax oder E-Mail) \u00fcber Ihren Entschluss, diesen Vertrag zu widerrufen, informieren. Sie k\u00f6nnen daf\u00fcr das beigef\u00fcgte Muster-Widerrufsformular verwenden, das jedoch nicht vorgeschrieben ist.<br \/><br \/>Zur Wahrung der Widerrufsfrist reicht es aus, dass Sie die Mitteilung \u00fcber die Aus\u00fcbung des Widerrufsrechts vor Ablauf der Widerrufsfrist absenden.<br \/><br \/>Folgen des Widerrufs<br \/><br \/>Wenn Sie diesen Vertrag widerrufen, haben wir Ihnen alle Zahlungen, die wir von Ihnen erhalten haben, einschlie\u00dflich der Lieferkosten (mit Ausnahme der zus\u00e4tzlichen Kosten, die sich daraus ergeben, dass Sie eine andere Art der Lieferung als die von uns angebotene, g\u00fcnstigste Standardlieferung gew\u00e4hlt haben), unverz\u00fcglich und sp\u00e4testens binnen vierzehn Tagen ab dem Tag zur\u00fcckzuzahlen, an dem die Mitteilung \u00fcber Ihren Widerruf dieses Vertrags bei uns eingegangen ist. F\u00fcr diese R\u00fcckzahlung verwenden wir dasselbe Zahlungsmittel, das Sie bei der urspr\u00fcnglichen Transaktion eingesetzt haben, es sei denn, mit Ihnen wurde ausdr\u00fccklich etwas anderes vereinbart; in keinem Fall werden Ihnen wegen dieser R\u00fcckzahlung Entgelte berechnet. Wir k\u00f6nnen die R\u00fcckzahlung verweigern, bis wir die Waren wieder zur\u00fcckerhalten haben oder bis Sie den Nachweis erbracht haben, dass Sie die Waren zur\u00fcckgesandt haben, je nachdem, welches der fr\u00fchere Zeitpunkt ist.<br \/>Wir holen die Waren ab. Sie m\u00fcssen f\u00fcr einen etwaigen Wertverlust der Waren nur aufkommen, wenn dieser Wertverlust auf einen zur Pr\u00fcfung der Beschaffenheit, Eigenschaften und Funktionsweise der Waren nicht notwendigen Umgang mit ihnen zur\u00fcckzuf\u00fchren ist. <br \/>(Gestaltungshinweis 1.b + 5.b II)<br \/>Hinweis:<br \/>Die Ware sollte m\u00f6glichst in der Originalverpackung mit s\u00e4mtlichem Zubeh\u00f6r und Verpackungsbestandteilen zur\u00fcckgeschickt werden. Bitte verwenden Sie ggf. eine sch\u00fctzende Umverpackung, falls die Originalverpackung nicht mehr zur Verf\u00fcgung steht, um einen ausreichenden Schutz vor etwaigen Transportsch\u00e4den zu gew\u00e4hrleisten. Besch\u00e4digungen und Verunreinigungen an der zur\u00fcckzugew\u00e4hrenden Sache sollten vermieden werden. Wir weisen darauf hin, dass das Widerrufsrecht und seine Folgen selbstverst\u00e4ndlich unabh\u00e4ngig von der Beachtung dieses Hinweises bestehen, er dient lediglich einer erleichterten Abwicklung der Retoure.<br \/><br \/><br \/>1.2 Widerrufsbelehrung, f\u00fcr mehrere bestellte Waren einer einheitlichen Bestellung, die getrennt geliefert oder entgegengenommen werden:<br \/>Widerrufsbelehrung<br \/>Widerrufsrecht<br \/><br \/>Sie haben das Recht, binnen vierzehn Tagen ohne Angabe von Gr\u00fcnden diesen Vertrag zu widerrufen.<br \/><br \/>Die Widerrufsfrist betr\u00e4gt vierzehn Tage ab dem Tag an dem Sie oder ein von Ihnen benannter Dritter, der nicht der Bef\u00f6rderer ist, die letzte Ware in Besitz genommen haben bzw. hat.<br \/><br \/>Um Ihr Widerrufsrecht auszu\u00fcben, m\u00fcssen Sie uns (Grunder Gourmet Party- und Event-Catering GmbH &amp; Co. KG, Konrad-Zuse-Stra\u00dfe 8, 66459 Kirkel-Limbach, Telefon: +49 6841-972 90-0, E-Mail: info@grundergourmet.de) mittels einer eindeutigen Erkl\u00e4rung (z.B. ein mit der Post versandter Brief, Telefax oder E-Mail) \u00fcber Ihren Entschluss, diesen Vertrag zu widerrufen, informieren. Sie k\u00f6nnen daf\u00fcr das beigef\u00fcgte Muster-Widerrufsformular verwenden, das jedoch nicht vorgeschrieben ist.<br \/><br \/>Zur Wahrung der Widerrufsfrist reicht es aus, dass Sie die Mitteilung \u00fcber die Aus\u00fcbung des Widerrufsrechts vor Ablauf der Widerrufsfrist absenden.<br \/><br \/>Folgen des Widerrufs<br \/><br \/>Wenn Sie diesen Vertrag widerrufen, haben wir Ihnen alle Zahlungen, die wir von Ihnen erhalten haben, einschlie\u00dflich der Lieferkosten (mit Ausnahme der zus\u00e4tzlichen Kosten, die sich daraus ergeben, dass Sie eine andere Art der Lieferung als die von uns angebotene, g\u00fcnstigste Standardlieferung gew\u00e4hlt haben), unverz\u00fcglich und sp\u00e4testens binnen vierzehn Tagen ab dem Tag zur\u00fcckzuzahlen, an dem die Mitteilung \u00fcber Ihren Widerruf dieses Vertrags bei uns eingegangen ist. F\u00fcr diese R\u00fcckzahlung verwenden wir dasselbe Zahlungsmittel, das Sie bei der urspr\u00fcnglichen Transaktion eingesetzt haben, es sei denn, mit Ihnen wurde ausdr\u00fccklich etwas anderes vereinbart; in keinem Fall werden Ihnen wegen dieser R\u00fcckzahlung Entgelte berechnet. Wir k\u00f6nnen die R\u00fcckzahlung verweigern, bis wir die Waren wieder zur\u00fcckerhalten haben oder bis Sie den Nachweis erbracht haben, dass Sie die Waren zur\u00fcckgesandt haben, je nachdem, welches der fr\u00fchere Zeitpunkt ist.<br \/>Wir holen die Waren ab. Sie m\u00fcssen f\u00fcr einen etwaigen Wertverlust der Waren nur aufkommen, wenn dieser Wertverlust auf einen zur Pr\u00fcfung der Beschaffenheit, Eigenschaften und Funktionsweise der Waren nicht notwendigen Umgang mit ihnen zur\u00fcckzuf\u00fchren ist. <br \/>(Gestaltungshinweis 1.c + 5.b II)<br \/>Hinweis:<br \/>Die Ware sollte m\u00f6glichst in der Originalverpackung mit s\u00e4mtlichem Zubeh\u00f6r und Verpackungsbestandteilen zur\u00fcckgeschickt werden. Bitte verwenden Sie ggf. eine sch\u00fctzende Umverpackung, falls die Originalverpackung nicht mehr zur Verf\u00fcgung steht, um einen ausreichenden Schutz vor etwaigen Transportsch\u00e4den zu gew\u00e4hrleisten. Besch\u00e4digungen und Verunreinigungen an der zur\u00fcckzugew\u00e4hrenden Sache sollten vermieden werden. Wir weisen darauf hin, dass das Widerrufsrecht und seine Folgen selbstverst\u00e4ndlich unabh\u00e4ngig von der Beachtung dieses Hinweises bestehen, er dient lediglich einer erleichterten Abwicklung der Retoure.<br \/><br \/><br \/>1.3 Widerrufsbelehrung, f\u00fcr regelm\u00e4\u00dfige Lieferungen \/ Entgegennahme von Waren \u00fcber einen festgelegten Zeitraum:<br \/>Widerrufsbelehrung<br \/>Widerrufsrecht<br \/><br \/>Sie haben das Recht, binnen vierzehn Tagen ohne Angabe von Gr\u00fcnden diesen Vertrag zu widerrufen.<br \/><br \/>Die Widerrufsfrist betr\u00e4gt vierzehn Tage ab dem Tag an dem Sie oder ein von Ihnen benannter Dritter, der nicht der Bef\u00f6rderer ist, die erste Ware in Besitz genommen haben bzw. hat.<br \/><br \/>Um Ihr Widerrufsrecht auszu\u00fcben, m\u00fcssen Sie uns (Grunder Gourmet Party- und Event-Catering GmbH &amp; Co. KG, Konrad-Zuse-Stra\u00dfe 8, 66459 Kirkel-Limbach, Telefon: +49 6841-972 90-0, E-Mail: info@grundergourmet.de) mittels einer eindeutigen Erkl\u00e4rung (z.B. ein mit der Post versandter Brief, Telefax oder E-Mail) \u00fcber Ihren Entschluss, diesen Vertrag zu widerrufen, informieren. Sie k\u00f6nnen daf\u00fcr das beigef\u00fcgte Muster-Widerrufsformular verwenden, das jedoch nicht vorgeschrieben ist.<br \/><br \/>Zur Wahrung der Widerrufsfrist reicht es aus, dass Sie die Mitteilung \u00fcber die Aus\u00fcbung des Widerrufsrechts vor Ablauf der Widerrufsfrist absenden.<br \/><br \/>Folgen des Widerrufs<br \/><br \/>Wenn Sie diesen Vertrag widerrufen, haben wir Ihnen alle Zahlungen, die wir von Ihnen erhalten haben, einschlie\u00dflich der Lieferkosten (mit Ausnahme der zus\u00e4tzlichen Kosten, die sich daraus ergeben, dass Sie eine andere Art der Lieferung als die von uns angebotene, g\u00fcnstigste Standardlieferung gew\u00e4hlt haben), unverz\u00fcglich und sp\u00e4testens binnen vierzehn Tagen ab dem Tag zur\u00fcckzuzahlen, an dem die Mitteilung \u00fcber Ihren Widerruf dieses Vertrags bei uns eingegangen ist. F\u00fcr diese R\u00fcckzahlung verwenden wir dasselbe Zahlungsmittel, das Sie bei der urspr\u00fcnglichen Transaktion eingesetzt haben, es sei denn, mit Ihnen wurde ausdr\u00fccklich etwas anderes vereinbart; in keinem Fall werden Ihnen wegen dieser R\u00fcckzahlung Entgelte berechnet. Wir k\u00f6nnen die R\u00fcckzahlung verweigern, bis wir die Waren wieder zur\u00fcckerhalten haben oder bis Sie den Nachweis erbracht haben, dass Sie die Waren zur\u00fcckgesandt haben, je nachdem, welches der fr\u00fchere Zeitpunkt ist.<br \/>Wir holen die Waren ab. Sie m\u00fcssen f\u00fcr einen etwaigen Wertverlust der Waren nur aufkommen, wenn dieser Wertverlust auf einen zur Pr\u00fcfung der Beschaffenheit, Eigenschaften und Funktionsweise der Waren nicht notwendigen Umgang mit ihnen zur\u00fcckzuf\u00fchren ist. <br \/>(Gestaltungshinweis 1.e + 5.b II)<br \/>Hinweis:<br \/>Die Ware sollte m\u00f6glichst in der Originalverpackung mit s\u00e4mtlichem Zubeh\u00f6r und Verpackungsbestandteilen zur\u00fcckgeschickt werden. Bitte verwenden Sie ggf. eine sch\u00fctzende Umverpackung, falls die Originalverpackung nicht mehr zur Verf\u00fcgung steht, um einen ausreichenden Schutz vor etwaigen Transportsch\u00e4den zu gew\u00e4hrleisten. Besch\u00e4digungen und Verunreinigungen an der zur\u00fcckzugew\u00e4hrenden Sache sollten vermieden werden. Wir weisen darauf hin, dass das Widerrufsrecht und seine Folgen selbstverst\u00e4ndlich unabh\u00e4ngig von der Beachtung dieses Hinweises bestehen, er dient lediglich einer erleichterten Abwicklung der Retoure.<br \/><br \/><br \/><br \/>2. Muster-Widerrufsformular<br \/>Das Muster-Widerrufsformular k\u00f6nnen Sie [HIER] als PDF abrufen.<br \/>3. Hinweise zum Nichtbestehen des Widerrufsrechts<br \/>Eine Ausnahme vom gesetzlichen Widerrufsrecht besteht in folgenden F\u00e4llen:<br \/>* Gem\u00e4\u00df \u00a7 312 g Abs. 2 S.1 Nr. 1 BGB bei Vertr\u00e4gen zur Lieferung von Waren, die nicht vorgefertigt sind und f\u00fcr deren Herstellung eine individuelle Auswahl oder Bestimmung durch den Verbraucher ma\u00dfgeblich ist oder die eindeutig auf die pers\u00f6nlichen Bed\u00fcrfnisse des Verbrauchers zugeschnitten sind.<br \/>In diesen F\u00e4llen steht auch dem Verbraucher gem\u00e4\u00df \u00a7 13 BGB kein gesetzliches Widerrufsrecht zu.<\/p>\t\t\t\t\t\t\t\t<\/div>\n\t\t\t\t<\/div>\n\t\t\t\t<div class=\"elementor-element elementor-element-b41983d elementor-widget elementor-widget-heading\" data-id=\"b41983d\" data-element_type=\"widget\" data-e-type=\"widget\" data-widget_type=\"heading.default\">\n\t\t\t\t<div class=\"elementor-widget-container\">\n\t\t\t\t\t<h2 class=\"elementor-heading-title elementor-size-default\">Muster Widerrufsformular<\/h2>\t\t\t\t<\/div>\n\t\t\t\t<\/div>\n\t\t\t\t<div class=\"elementor-element elementor-element-0034c8f elementor-widget elementor-widget-text-editor\" data-id=\"0034c8f\" data-element_type=\"widget\" data-e-type=\"widget\" data-widget_type=\"text-editor.default\">\n\t\t\t\t<div class=\"elementor-widget-container\">\n\t\t\t\t\t\t\t\t\t<p>(Wenn Sie den Vertrag widerrufen wollen, dann f\u00fcllen Sie bitte dieses Formular aus und senden Sie es zur\u00fcck.)<\/p><p>An:<br \/>Grunder Gourmet Party- und Event-Catering GmbH &amp; Co. KG<br \/>Konrad-Zuse-Stra\u00dfe 8<br \/>66459 Kirkel-Limbach<\/p><p>E-Mail: info@grundergourmet.de<\/p><p>Hiermit widerrufe(n) ich\/wir (*) den mit mir\/uns (*) abgeschlossenen Vertrag \u00fcber den Kauf der folgenden Waren (*)\/ die Erbringung der folgenden Dienstleistung (*)<\/p><p>Bestellt am (*)\/ erhalten am (*): ________________________________<\/p><p>Name des\/der Verbraucher(s): ________________________________<\/p><p>Anschrift des\/der Verbraucher(s): ________________________________<\/p><p>____________________________<br \/>Unterschrift des\/der Verbraucher(s)<br \/>(nur bei Mitteilung auf Papier)<\/p><p>Datum<\/p><p>_______________________<\/p><p>(*) Unzutreffendes streichen<\/p>\t\t\t\t\t\t\t\t<\/div>\n\t\t\t\t<\/div>\n\t\t\t\t\t<\/div>\n\t\t<\/div>\n\t\t\t\t\t<\/div>\n\t\t<\/section>\n\t\t\t\t<\/div>\n\t\t","protected":false},"excerpt":{"rendered":"<p>Widerrufsbelehrung 1. Widerrufsrecht Wenn Sie Verbraucher sind, steht Ihnen ein gesetzliches Widerrufsrecht zu, so dass Sie Ihre Vertragserkl\u00e4rung nach Ma\u00dfgabe der folgenden Belehrungen widerrufen k\u00f6nnen: 1.1 Widerrufsbelehrung, wenn die bestellte Ware in einer Lieferung geliefert oder entgegengenommen wird:WiderrufsbelehrungWiderrufsrecht Sie haben das Recht, binnen vierzehn Tagen ohne Angabe von Gr\u00fcnden diesen Vertrag zu widerrufen. Die Widerrufsfrist [&hellip;]<\/p>\n","protected":false},"author":255,"featured_media":0,"parent":0,"menu_order":0,"comment_status":"closed","ping_status":"closed","template":"","meta":{"site-sidebar-layout":"no-sidebar","site-content-layout":"page-builder","ast-site-content-layout":"default","site-content-style":"default","site-sidebar-style":"default","ast-global-header-display":"","ast-banner-title-visibility":"","ast-main-header-display":"","ast-hfb-above-header-display":"","ast-hfb-below-header-display":"","ast-hfb-mobile-header-display":"","site-post-title":"disabled","ast-breadcrumbs-content":"","ast-featured-img":"disabled","footer-sml-layout":"","ast-disable-related-posts":"","theme-transparent-header-meta":"","adv-header-id-meta":"","stick-header-meta":"","header-above-stick-meta":"","header-main-stick-meta":"","header-below-stick-meta":"","astra-migrate-meta-layouts":"default","ast-page-background-enabled":"default","ast-page-background-meta":{"desktop":{"background-color":"","background-image":"","background-repeat":"repeat","background-position":"center center","background-size":"auto","background-attachment":"scroll","background-type":"","background-media":"","overlay-type":"","overlay-color":"","overlay-opacity":"","overlay-gradient":""},"tablet":{"background-color":"","background-image":"","background-repeat":"repeat","background-position":"center center","background-size":"auto","background-attachment":"scroll","background-type":"","background-media":"","overlay-type":"","overlay-color":"","overlay-opacity":"","overlay-gradient":""},"mobile":{"background-color":"","background-image":"","background-repeat":"repeat","background-position":"center center","background-size":"auto","background-attachment":"scroll","background-type":"","background-media":"","overlay-type":"","overlay-color":"","overlay-opacity":"","overlay-gradient":""}},"ast-content-background-meta":{"desktop":{"background-color":"var(--ast-global-color-5)","background-image":"","background-repeat":"repeat","background-position":"center center","background-size":"auto","background-attachment":"scroll","background-type":"","background-media":"","overlay-type":"","overlay-color":"","overlay-opacity":"","overlay-gradient":""},"tablet":{"background-color":"var(--ast-global-color-5)","background-image":"","background-repeat":"repeat","background-position":"center center","background-size":"auto","background-attachment":"scroll","background-type":"","background-media":"","overlay-type":"","overlay-color":"","overlay-opacity":"","overlay-gradient":""},"mobile":{"background-color":"var(--ast-global-color-5)","background-image":"","background-repeat":"repeat","background-position":"center center","background-size":"auto","background-attachment":"scroll","background-type":"","background-media":"","overlay-type":"","overlay-color":"","overlay-opacity":"","overlay-gradient":""}},"footnotes":""},"class_list":["post-1332","page","type-page","status-publish","hentry"],"_links":{"self":[{"href":"https:\/\/grunder-gourmet.de\/en_en\/wp-json\/wp\/v2\/pages\/1332","targetHints":{"allow":["GET"]}}],"collection":[{"href":"https:\/\/grunder-gourmet.de\/en_en\/wp-json\/wp\/v2\/pages"}],"about":[{"href":"https:\/\/grunder-gourmet.de\/en_en\/wp-json\/wp\/v2\/types\/page"}],"author":[{"embeddable":true,"href":"https:\/\/grunder-gourmet.de\/en_en\/wp-json\/wp\/v2\/users\/255"}],"replies":[{"embeddable":true,"href":"https:\/\/grunder-gourmet.de\/en_en\/wp-json\/wp\/v2\/comments?post=1332"}],"version-history":[{"count":10,"href":"https:\/\/grunder-gourmet.de\/en_en\/wp-json\/wp\/v2\/pages\/1332\/revisions"}],"predecessor-version":[{"id":4355,"href":"https:\/\/grunder-gourmet.de\/en_en\/wp-json\/wp\/v2\/pages\/1332\/revisions\/4355"}],"wp:attachment":[{"href":"https:\/\/grunder-gourmet.de\/en_en\/wp-json\/wp\/v2\/media?parent=1332"}],"curies":[{"name":"wp","href":"https:\/\/api.w.org\/{rel}","templated":true}]}}