{"id":1236,"date":"2021-01-19T11:09:19","date_gmt":"2021-01-19T10:09:19","guid":{"rendered":"http:\/\/grunder.votingtool-online.de\/?page_id=1236"},"modified":"2025-07-18T10:31:43","modified_gmt":"2025-07-18T08:31:43","slug":"impressum","status":"publish","type":"page","link":"https:\/\/grunder-gourmet.de\/en_en\/impressum\/","title":{"rendered":"Imprint"},"content":{"rendered":"<div data-elementor-type=\"wp-page\" data-elementor-id=\"1236\" class=\"elementor elementor-1236\" data-elementor-post-type=\"page\">\n\t\t\t\t\t\t<section data-particle_enable=\"false\" data-particle-mobile-disabled=\"false\" class=\"elementor-section elementor-top-section elementor-element elementor-element-e63b4d4 elementor-section-boxed elementor-section-height-default elementor-section-height-default\" data-id=\"e63b4d4\" data-element_type=\"section\" data-e-type=\"section\">\n\t\t\t\t\t\t<div class=\"elementor-container elementor-column-gap-default\">\n\t\t\t\t\t<div class=\"elementor-column elementor-col-100 elementor-top-column elementor-element elementor-element-9028226\" data-id=\"9028226\" data-element_type=\"column\" data-e-type=\"column\">\n\t\t\t<div class=\"elementor-widget-wrap elementor-element-populated\">\n\t\t\t\t\t\t<div class=\"elementor-element elementor-element-471c6d4 elementor-widget elementor-widget-text-editor\" data-id=\"471c6d4\" data-element_type=\"widget\" data-e-type=\"widget\" data-widget_type=\"text-editor.default\">\n\t\t\t\t<div class=\"elementor-widget-container\">\n\t\t\t\t\t\t\t\t\t<h2>Imprint<\/h2>\n<h3>Information according to \u00a7 5 TMG<\/h3>\n<p>Grunder Gourmet Party- and Event- Catering GmbH &amp; Co. KG<br>Konrad-Zuse-Str. 8<br>66459 Kirkel-Limbach<\/p>\n<p>Commercial register: HRA11120<br>Register court: Local court Saarbr\u00fccken<\/p>\n<p><strong>Represented by:<\/strong><br>Kai Grunder<\/p>\n<p><strong>Personally liable partner<\/strong><\/p>\n<p>Gourmet Party- and Event-Catering Verwaltungs-GmbH<br><span style=\"font-size: 16px;\">Konrad-Zuse-Stra\u00dfe 8<br><\/span>66459 Kirkel-Limbach<\/p>\n<p>e-mail: <a href=\"mailto:info@grundergourmet.de\">info@grundergourmet.de<\/a><\/p>\n<p>Phone: +49 6841-972 90-0<br>Fax: +49 6841-972 90-23<\/p>\n<p>Register court: Local court Saarbr\u00fccken<\/p>\n<p>Register number: HRB 19610<br>Managing Director: Kai Grunder<\/p>\n<h3>Contact us<\/h3>\n<p>Telefon: 06841-972900<br>Fax: 06841-9729023<br>E-Mail: info@grundergourmet.de<\/p>\n<h3>Sales tax ID<\/h3>\n<p>Sales tax identification number according to \u00a7 27 a sales tax law:<br>DE279330478<\/p>\n<h3>Editorially responsible<\/h3>\n<p>Kai Grunder<br>(address as above)<\/p>\n<h3><span style=\"font-size: 1.6rem; font-style: inherit;\">Liability for content<\/span><\/h3>\n<p>As a service provider, we are responsible for our own content on these pages in accordance with Section 7 (1) TMG (German Telemedia Act) and general legislation. According to \u00a7\u00a7 8 to 10 TMG, however, we as a service provider are not obliged to monitor transmitted or stored third-party information or to investigate circumstances that indicate illegal activity.<\/p>\n<p>Obligations to remove or block the use of information in accordance with general legislation remain unaffected by this. However, liability in this respect is only possible from the time we become aware of a specific infringement. As soon as we become aware of such infringements, we will remove this content immediately.<\/p>\n<h3>Liability for links<\/h3>\n<p>Our website contains links to external third-party websites over whose content we have no influence. Therefore, we cannot accept any liability for this third-party content. The respective provider or operator of the pages is always responsible for the content of the linked pages. The linked pages were checked for possible legal violations at the time of linking. Illegal contents were not recognisable at the time of linking.<\/p>\n<p>However, permanent monitoring of the content of the linked pages is not reasonable without concrete evidence of an infringement. If we become aware of any legal infringements, we will remove such links immediately.<\/p>\n<h3>Copyright<\/h3>\n<p>The content and works created by the site operators on these pages are subject to German copyright law. Reproduction, editing, distribution and any kind of utilisation outside the limits of copyright law require the written consent of the respective author or creator. Downloads and copies of this site are only permitted for private, non-commercial use.<\/p>\n<p>Insofar as the content on this site was not created by the operator, the copyrights of third parties are respected. In particular, third-party content is labelled as such. Should you nevertheless become aware of a copyright infringement, please inform us accordingly. If we become aware of any infringements, we will remove such content immediately.<\/p>\t\t\t\t\t\t\t\t<\/div>\n\t\t\t\t<\/div>\n\t\t\t\t\t<\/div>\n\t\t<\/div>\n\t\t\t\t\t<\/div>\n\t\t<\/section>\n\t\t\t\t<section data-particle_enable=\"false\" data-particle-mobile-disabled=\"false\" class=\"elementor-section elementor-top-section elementor-element elementor-element-27d42a78 elementor-section-boxed elementor-section-height-default elementor-section-height-default\" data-id=\"27d42a78\" data-element_type=\"section\" data-e-type=\"section\">\n\t\t\t\t\t\t<div class=\"elementor-container elementor-column-gap-default\">\n\t\t\t\t\t<div class=\"elementor-column elementor-col-100 elementor-top-column elementor-element elementor-element-76394e39\" data-id=\"76394e39\" data-element_type=\"column\" data-e-type=\"column\">\n\t\t\t<div class=\"elementor-widget-wrap elementor-element-populated\">\n\t\t\t\t\t\t<div class=\"elementor-element elementor-element-272cac70 elementor-widget elementor-widget-heading\" data-id=\"272cac70\" data-element_type=\"widget\" data-e-type=\"widget\" data-widget_type=\"heading.default\">\n\t\t\t\t<div class=\"elementor-widget-container\">\n\t\t\t\t\t<h2 class=\"elementor-heading-title elementor-size-default\">Internet-Konzeption, CMS &amp; Hosting<\/h2>\t\t\t\t<\/div>\n\t\t\t\t<\/div>\n\t\t\t\t<section data-particle_enable=\"false\" data-particle-mobile-disabled=\"false\" class=\"elementor-section elementor-inner-section elementor-element elementor-element-21048711 elementor-section-full_width elementor-section-height-default elementor-section-height-default\" data-id=\"21048711\" data-element_type=\"section\" data-e-type=\"section\">\n\t\t\t\t\t\t<div class=\"elementor-container elementor-column-gap-no\">\n\t\t\t\t\t<div class=\"elementor-column elementor-col-50 elementor-inner-column elementor-element elementor-element-7b15962d\" data-id=\"7b15962d\" data-element_type=\"column\" data-e-type=\"column\">\n\t\t\t<div class=\"elementor-widget-wrap elementor-element-populated\">\n\t\t\t\t\t\t<div class=\"elementor-element elementor-element-73dc2981 elementor-widget elementor-widget-text-editor\" data-id=\"73dc2981\" data-element_type=\"widget\" data-e-type=\"widget\" data-widget_type=\"text-editor.default\">\n\t\t\t\t<div class=\"elementor-widget-container\">\n\t\t\t\t\t\t\t\t\t<p>webext media GmbH<br \/>Ommersheimer Str. 11a<br \/>66386 St. Ingbert<br \/><br \/>e-mail: <a href=\"mailto:hi@webext-media.de\">hi@webext-media.de<\/a><br \/>Internet: <a href=\"https:\/\/webext-media.de\">www.webext-media.de<\/a><\/p>\t\t\t\t\t\t\t\t<\/div>\n\t\t\t\t<\/div>\n\t\t\t\t\t<\/div>\n\t\t<\/div>\n\t\t\t\t<div class=\"elementor-column elementor-col-50 elementor-inner-column elementor-element elementor-element-6df89eee\" data-id=\"6df89eee\" data-element_type=\"column\" data-e-type=\"column\">\n\t\t\t<div class=\"elementor-widget-wrap elementor-element-populated\">\n\t\t\t\t\t\t<div class=\"elementor-element elementor-element-11bde388 elementor-widget elementor-widget-image\" data-id=\"11bde388\" data-element_type=\"widget\" data-e-type=\"widget\" data-widget_type=\"image.default\">\n\t\t\t\t<div class=\"elementor-widget-container\">\n\t\t\t\t\t\t\t\t\t\t\t\t\t\t\t\t<a href=\"https:\/\/webext-media.de\">\n\t\t\t\t\t\t\t<img fetchpriority=\"high\" decoding=\"async\" width=\"1779\" height=\"582\" src=\"data:image\/gif;base64,R0lGODlhAQABAIAAAAAAAP\/\/\/yH5BAEAAAAALAAAAAABAAEAAAIBRAA7\" data-src=\"https:\/\/grunder-gourmet.de\/wp-content\/uploads\/2022\/08\/Siegel-mit-Logo.png\" class=\"attachment-full size-full wp-image-6969 lazyload\" alt=\"\" data-srcset=\"https:\/\/grunder-gourmet.de\/wp-content\/uploads\/2022\/08\/Siegel-mit-Logo.png 1779w, https:\/\/grunder-gourmet.de\/wp-content\/uploads\/2022\/08\/Siegel-mit-Logo-300x98.png 300w, https:\/\/grunder-gourmet.de\/wp-content\/uploads\/2022\/08\/Siegel-mit-Logo-1024x335.png 1024w, https:\/\/grunder-gourmet.de\/wp-content\/uploads\/2022\/08\/Siegel-mit-Logo-768x251.png 768w, https:\/\/grunder-gourmet.de\/wp-content\/uploads\/2022\/08\/Siegel-mit-Logo-1536x503.png 1536w, https:\/\/grunder-gourmet.de\/wp-content\/uploads\/2022\/08\/Siegel-mit-Logo-18x6.png 18w, https:\/\/grunder-gourmet.de\/wp-content\/uploads\/2022\/08\/Siegel-mit-Logo-600x196.png 600w, https:\/\/grunder-gourmet.de\/wp-content\/uploads\/2022\/08\/Siegel-mit-Logo-1320x432.png 1320w, https:\/\/grunder-gourmet.de\/wp-content\/uploads\/2022\/08\/Siegel-mit-Logo-64x21.png 64w\" sizes=\"(max-width: 1779px) 100vw, 1779px\" \/><noscript><img decoding=\"async\" width=\"1779\" height=\"582\" src=\"https:\/\/grunder-gourmet.de\/wp-content\/uploads\/2022\/08\/Siegel-mit-Logo.png\" class=\"attachment-full size-full wp-image-6969 lazyload\" alt=\"\" srcset=\"https:\/\/grunder-gourmet.de\/wp-content\/uploads\/2022\/08\/Siegel-mit-Logo.png 1779w, https:\/\/grunder-gourmet.de\/wp-content\/uploads\/2022\/08\/Siegel-mit-Logo-300x98.png 300w, https:\/\/grunder-gourmet.de\/wp-content\/uploads\/2022\/08\/Siegel-mit-Logo-1024x335.png 1024w, https:\/\/grunder-gourmet.de\/wp-content\/uploads\/2022\/08\/Siegel-mit-Logo-768x251.png 768w, https:\/\/grunder-gourmet.de\/wp-content\/uploads\/2022\/08\/Siegel-mit-Logo-1536x503.png 1536w, https:\/\/grunder-gourmet.de\/wp-content\/uploads\/2022\/08\/Siegel-mit-Logo-18x6.png 18w, https:\/\/grunder-gourmet.de\/wp-content\/uploads\/2022\/08\/Siegel-mit-Logo-600x196.png 600w, https:\/\/grunder-gourmet.de\/wp-content\/uploads\/2022\/08\/Siegel-mit-Logo-1320x432.png 1320w, https:\/\/grunder-gourmet.de\/wp-content\/uploads\/2022\/08\/Siegel-mit-Logo-64x21.png 64w\" sizes=\"(max-width: 1779px) 100vw, 1779px\" \/><\/noscript>\t\t\t\t\t\t\t\t<\/a>\n\t\t\t\t\t\t\t\t\t\t\t\t\t\t\t<\/div>\n\t\t\t\t<\/div>\n\t\t\t\t\t<\/div>\n\t\t<\/div>\n\t\t\t\t\t<\/div>\n\t\t<\/section>\n\t\t\t\t<div class=\"elementor-element elementor-element-1a764e1 elementor-widget elementor-widget-image\" data-id=\"1a764e1\" data-element_type=\"widget\" data-e-type=\"widget\" data-widget_type=\"image.default\">\n\t\t\t\t<div class=\"elementor-widget-container\">\n\t\t\t\t\t\t\t\t\t\t\t\t\t\t\t<img decoding=\"async\" width=\"120\" height=\"156\" src=\"data:image\/gif;base64,R0lGODlhAQABAIAAAAAAAP\/\/\/yH5BAEAAAAALAAAAAABAAEAAAIBRAA7\" data-src=\"https:\/\/grunder-gourmet.de\/wp-content\/uploads\/2022\/08\/erecht24-siegel-impressum-rot.png\" class=\"attachment-large size-large wp-image-6974 lazyload\" alt=\"\" data-srcset=\"https:\/\/grunder-gourmet.de\/wp-content\/uploads\/2022\/08\/erecht24-siegel-impressum-rot.png 120w, https:\/\/grunder-gourmet.de\/wp-content\/uploads\/2022\/08\/erecht24-siegel-impressum-rot-9x12.png 9w, https:\/\/grunder-gourmet.de\/wp-content\/uploads\/2022\/08\/erecht24-siegel-impressum-rot-64x83.png 64w\" sizes=\"(max-width: 120px) 100vw, 120px\" \/><noscript><img loading=\"lazy\" decoding=\"async\" width=\"120\" height=\"156\" src=\"https:\/\/grunder-gourmet.de\/wp-content\/uploads\/2022\/08\/erecht24-siegel-impressum-rot.png\" class=\"attachment-large size-large wp-image-6974 lazyload\" alt=\"\" srcset=\"https:\/\/grunder-gourmet.de\/wp-content\/uploads\/2022\/08\/erecht24-siegel-impressum-rot.png 120w, https:\/\/grunder-gourmet.de\/wp-content\/uploads\/2022\/08\/erecht24-siegel-impressum-rot-9x12.png 9w, https:\/\/grunder-gourmet.de\/wp-content\/uploads\/2022\/08\/erecht24-siegel-impressum-rot-64x83.png 64w\" sizes=\"(max-width: 120px) 100vw, 120px\" \/><\/noscript>\t\t\t\t\t\t\t\t\t\t\t\t\t\t\t<\/div>\n\t\t\t\t<\/div>\n\t\t\t\t\t<\/div>\n\t\t<\/div>\n\t\t\t\t\t<\/div>\n\t\t<\/section>\n\t\t\t\t<\/div>","protected":false},"excerpt":{"rendered":"<p>Impressum Angaben gem\u00e4\u00df \u00a7 5 TMG Grunder Gourmet Party- und Event- Catering GmbH &amp; Co. KGKonrad-Zuse-Str. 866459 Kirkel-Limbach Handelsregister: HRA11120Registergericht: Amtsgericht Saarbr\u00fccken Vertreten durch:Kai Grunder Pers\u00f6nlich haftende Gesellschafterin Gourmet Party- und Event-Catering Verwaltungs-GmbHKonrad-Zuse-Stra\u00dfe 866459 Kirkel-Limbach E-Mail: info@grundergourmet.de Tel.: +49 6841-972 90-0Fax: +49 6841-972 90-23 Registergericht: Amtsgericht Saarbr\u00fccken Registernummer: HRB 19610Gesch\u00e4ftsf\u00fchrer: Kai Grunder Kontakt Telefon: 06841-972900Telefax: [&hellip;]<\/p>\n","protected":false},"author":255,"featured_media":0,"parent":0,"menu_order":0,"comment_status":"closed","ping_status":"closed","template":"","meta":{"site-sidebar-layout":"no-sidebar","site-content-layout":"page-builder","ast-site-content-layout":"default","site-content-style":"default","site-sidebar-style":"default","ast-global-header-display":"","ast-banner-title-visibility":"","ast-main-header-display":"","ast-hfb-above-header-display":"","ast-hfb-below-header-display":"","ast-hfb-mobile-header-display":"","site-post-title":"disabled","ast-breadcrumbs-content":"","ast-featured-img":"disabled","footer-sml-layout":"","ast-disable-related-posts":"","theme-transparent-header-meta":"default","adv-header-id-meta":"","stick-header-meta":"default","header-above-stick-meta":"","header-main-stick-meta":"","header-below-stick-meta":"","astra-migrate-meta-layouts":"default","ast-page-background-enabled":"default","ast-page-background-meta":{"desktop":{"background-color":"","background-image":"","background-repeat":"repeat","background-position":"center center","background-size":"auto","background-attachment":"scroll","background-type":"","background-media":"","overlay-type":"","overlay-color":"","overlay-opacity":"","overlay-gradient":""},"tablet":{"background-color":"","background-image":"","background-repeat":"repeat","background-position":"center center","background-size":"auto","background-attachment":"scroll","background-type":"","background-media":"","overlay-type":"","overlay-color":"","overlay-opacity":"","overlay-gradient":""},"mobile":{"background-color":"","background-image":"","background-repeat":"repeat","background-position":"center center","background-size":"auto","background-attachment":"scroll","background-type":"","background-media":"","overlay-type":"","overlay-color":"","overlay-opacity":"","overlay-gradient":""}},"ast-content-background-meta":{"desktop":{"background-color":"var(--ast-global-color-5)","background-image":"","background-repeat":"repeat","background-position":"center center","background-size":"auto","background-attachment":"scroll","background-type":"","background-media":"","overlay-type":"","overlay-color":"","overlay-opacity":"","overlay-gradient":""},"tablet":{"background-color":"var(--ast-global-color-5)","background-image":"","background-repeat":"repeat","background-position":"center center","background-size":"auto","background-attachment":"scroll","background-type":"","background-media":"","overlay-type":"","overlay-color":"","overlay-opacity":"","overlay-gradient":""},"mobile":{"background-color":"var(--ast-global-color-5)","background-image":"","background-repeat":"repeat","background-position":"center center","background-size":"auto","background-attachment":"scroll","background-type":"","background-media":"","overlay-type":"","overlay-color":"","overlay-opacity":"","overlay-gradient":""}},"footnotes":""},"class_list":["post-1236","page","type-page","status-publish","hentry"],"_links":{"self":[{"href":"https:\/\/grunder-gourmet.de\/en_en\/wp-json\/wp\/v2\/pages\/1236","targetHints":{"allow":["GET"]}}],"collection":[{"href":"https:\/\/grunder-gourmet.de\/en_en\/wp-json\/wp\/v2\/pages"}],"about":[{"href":"https:\/\/grunder-gourmet.de\/en_en\/wp-json\/wp\/v2\/types\/page"}],"author":[{"embeddable":true,"href":"https:\/\/grunder-gourmet.de\/en_en\/wp-json\/wp\/v2\/users\/255"}],"replies":[{"embeddable":true,"href":"https:\/\/grunder-gourmet.de\/en_en\/wp-json\/wp\/v2\/comments?post=1236"}],"version-history":[{"count":10,"href":"https:\/\/grunder-gourmet.de\/en_en\/wp-json\/wp\/v2\/pages\/1236\/revisions"}],"predecessor-version":[{"id":9267,"href":"https:\/\/grunder-gourmet.de\/en_en\/wp-json\/wp\/v2\/pages\/1236\/revisions\/9267"}],"wp:attachment":[{"href":"https:\/\/grunder-gourmet.de\/en_en\/wp-json\/wp\/v2\/media?parent=1236"}],"curies":[{"name":"wp","href":"https:\/\/api.w.org\/{rel}","templated":true}]}}